{"id":3,"date":"2024-01-18T16:12:38","date_gmt":"2024-01-18T15:12:38","guid":{"rendered":"https:\/\/boutique.rabe3d.com\/?page_id=3"},"modified":"2025-09-26T13:27:05","modified_gmt":"2025-09-26T11:27:05","slug":"politique-de-confidentialite","status":"publish","type":"page","link":"https:\/\/boutique.rabe3d.com\/index.php\/politique-de-confidentialite\/","title":{"rendered":"Politique de confidentialit\u00e9"},"content":{"rendered":"\n<h2 class=\"wp-block-heading\">Qui sommes-nous&nbsp;?<\/h2>\n\n\n\n<p class=\"has-black-color has-text-color has-link-color wp-elements-4deb8a969462638ae9c621c9d0a7c391\"><strong class=\"privacy-policy-tutorial\"> <\/strong>L\u2019adresse de notre site est&nbsp;: https:\/\/boutique.rabe3d.com.<\/p>\n\n\n\n<h2 class=\"wp-block-heading\">Commentaires<\/h2>\n\n\n\n<p class=\"has-black-color has-text-color has-link-color wp-elements-b093294875e354888bb11c0f6509382d\">Quand vous laissez un commentaire sur notre site, les donn\u00e9es inscrites dans le formulaire de commentaire, ainsi que votre adresse IP et l\u2019agent utilisateur de votre navigateur sont collect\u00e9s pour nous aider \u00e0 la d\u00e9tection des commentaires ind\u00e9sirables.<\/p>\n\n\n\n<h2 class=\"wp-block-heading\">M\u00e9dias<\/h2>\n\n\n\n<p class=\"has-black-color has-text-color has-link-color wp-elements-a8692835519450d605c6f242718286d8\">Si vous t\u00e9l\u00e9versez des images sur le site, nous vous conseillons d\u2019\u00e9viter de t\u00e9l\u00e9verser des images contenant des donn\u00e9es EXIF de coordonn\u00e9es GPS. Les personnes visitant votre site peuvent t\u00e9l\u00e9charger et extraire des donn\u00e9es de localisation depuis ces images.<\/p>\n\n\n\n<h2 class=\"wp-block-heading\">Cookies<\/h2>\n\n\n\n<p class=\"has-black-color has-text-color has-link-color wp-elements-cc742f82823b74ba4e80c9ca30ea6ced\">Si vous d\u00e9posez un commentaire sur notre site, il vous sera propos\u00e9 d\u2019enregistrer votre nom, adresse e-mail et site dans des cookies. C\u2019est uniquement pour votre confort afin de ne pas avoir \u00e0 saisir ces informations si vous d\u00e9posez un autre commentaire plus tard. Ces cookies expirent au bout d\u2019un an.<\/p>\n\n\n\n<p class=\"has-black-color has-text-color has-link-color wp-elements-9d55d36e351870047cfb6dbd00a8bfc0\">Si vous vous rendez sur la page de connexion, un cookie temporaire sera cr\u00e9\u00e9 afin de d\u00e9terminer si votre navigateur accepte les cookies. Il ne contient pas de donn\u00e9es personnelles et sera supprim\u00e9 automatiquement \u00e0 la fermeture de votre navigateur.<\/p>\n\n\n\n<p class=\"has-black-color has-text-color has-link-color wp-elements-7d44a11f03b51f4e4a328af1b257303e\">Lorsque vous vous connecterez, nous mettrons en place un certain nombre de cookies pour enregistrer vos informations de connexion et vos pr\u00e9f\u00e9rences d\u2019\u00e9cran. La dur\u00e9e de vie d\u2019un cookie de connexion est de deux jours, celle d\u2019un cookie d\u2019option d\u2019\u00e9cran est d\u2019un an. Si vous cochez \u00ab&nbsp;Se souvenir de moi&nbsp;\u00bb, votre cookie de connexion sera conserv\u00e9 pendant deux semaines. Si vous vous d\u00e9connectez de votre compte, le cookie de connexion sera effac\u00e9.<\/p>\n\n\n\n<p class=\"has-black-color has-text-color has-link-color wp-elements-9af5bded182ae767a870a4d9ab28f3d9\">En modifiant ou en publiant une publication, un cookie suppl\u00e9mentaire sera enregistr\u00e9 dans votre navigateur. Ce cookie ne comprend aucune donn\u00e9e personnelle. Il indique simplement l\u2019ID de la publication que vous venez de modifier. Il expire au bout d\u2019un jour.<\/p>\n\n\n\n<h2 class=\"wp-block-heading\">Contenu embarqu\u00e9 depuis d\u2019autres sites<\/h2>\n\n\n\n<p class=\"has-black-color has-text-color has-link-color wp-elements-9191c080d6446fc7d564f32b1abc1379\">Les articles de ce site peuvent inclure des contenus int\u00e9gr\u00e9s (par exemple des vid\u00e9os, images, articles\u2026). Le contenu int\u00e9gr\u00e9 depuis d\u2019autres sites se comporte de la m\u00eame mani\u00e8re que si le visiteur se rendait sur cet autre site.<\/p>\n\n\n\n<p class=\"has-black-color has-text-color has-link-color wp-elements-2ea5d87739b58b16d82f0d633a141264\">Ces sites web pourraient collecter des donn\u00e9es sur vous, utiliser des cookies, embarquer des outils de suivis tiers, suivre vos interactions avec ces contenus embarqu\u00e9s si vous disposez d\u2019un compte connect\u00e9 sur leur site web.<\/p>\n\n\n\n<h2 class=\"wp-block-heading\">Utilisation et transmission de vos donn\u00e9es personnelles<\/h2>\n\n\n\n<p class=\"has-black-color has-text-color has-link-color wp-elements-6a248a43b091f4ef91fe8a286b6af0a0\">Si vous demandez une r\u00e9initialisation de votre mot de passe, votre adresse IP sera incluse dans l\u2019e-mail de r\u00e9initialisation.<\/p>\n\n\n\n<h2 class=\"wp-block-heading\">Dur\u00e9es de stockage de vos donn\u00e9es<\/h2>\n\n\n\n<p class=\"has-black-color has-text-color has-link-color wp-elements-d14a1cd8452985bea6b37d746d4e58c6\"><strong class=\"privacy-policy-tutorial\"> <\/strong>Si vous laissez un commentaire, le commentaire et ses m\u00e9tadonn\u00e9es sont conserv\u00e9s ind\u00e9finiment. Cela permet de reconna\u00eetre et approuver automatiquement les commentaires suivants au lieu de les laisser dans la file de mod\u00e9ration.<\/p>\n\n\n\n<p class=\"has-black-color has-text-color has-link-color wp-elements-860260b9fb0a249bf4571026e55ddade\">Pour les comptes qui s\u2019inscrivent sur notre site (le cas \u00e9ch\u00e9ant), nous stockons \u00e9galement les donn\u00e9es personnelles indiqu\u00e9es dans leur profil. Tous les comptes peuvent voir, modifier ou supprimer leurs informations personnelles \u00e0 tout moment (\u00e0 l\u2019exception de leur identifiant). Les gestionnaires du site peuvent aussi voir et modifier ces informations.<\/p>\n\n\n\n<h2 class=\"wp-block-heading\">Les droits que vous avez sur vos donn\u00e9es<\/h2>\n\n\n\n<p class=\"has-black-color has-text-color has-link-color wp-elements-e02e1392745ca2d84c8d42ee3a5fa43c\">Si vous avez un compte ou si vous avez laiss\u00e9 des commentaires sur le site, vous pouvez demander \u00e0 recevoir un fichier contenant toutes les donn\u00e9es personnelles que nous poss\u00e9dons \u00e0 votre sujet, incluant celles que vous nous avez fournies. Vous pouvez \u00e9galement demander la suppression des donn\u00e9es personnelles vous concernant. Cela ne prend pas en compte les donn\u00e9es stock\u00e9es \u00e0 des fins administratives, l\u00e9gales ou pour des raisons de s\u00e9curit\u00e9.<\/p>\n\n\n\n<h2 class=\"wp-block-heading\">O\u00f9 vos donn\u00e9es sont envoy\u00e9es<\/h2>\n\n\n\n<p class=\"has-black-color has-text-color has-link-color wp-elements-5b38c2561c35d9ea598f7b3b6938d187\">Les commentaires des visiteurs peuvent \u00eatre v\u00e9rifi\u00e9s \u00e0 l\u2019aide d\u2019un service automatis\u00e9 de d\u00e9tection des commentaires ind\u00e9sirables.<\/p>\n\n\n\n<p class=\"has-text-align-center has-black-color has-text-color has-link-color wp-elements-539ce59a53746255252d4f12f4f29036\"><strong>BOUTIQUE<\/strong><\/p>\n\n\n\n<p class=\"has-black-color has-text-color has-link-color wp-elements-20583711b5c4af926aba9b5b53acebba\">Nous collectons des informations lors de la validation de commande sur notre boutique.<\/p>\n\n\n\n<h2 class=\"wp-block-heading\">Ce que nous collectons et stockons<\/h2>\n\n\n\n<p class=\"has-black-color has-text-color has-link-color wp-elements-5e0e206bb03ce333db01ebfada25e221\">Pendant votre visite du site, nous suivons&nbsp;:<\/p>\n\n\n\n<ul class=\"wp-block-list\">\n<li><strong>Produits que vous avez vus\u00a0: permet par exemple d\u2019afficher des produits que vous avez r\u00e9cemment consult\u00e9s<\/strong><\/li>\n\n\n\n<li><strong>Localisation, adresse IP et type de navigateur\u00a0: nous les utilisons pour l\u2018estimation des taxes et frais de port<\/strong><\/li>\n<\/ul>\n\n\n\n<p class=\"has-black-color has-text-color has-link-color wp-elements-ead330ba47efef426a6c2e24ded17876\">Nous utilisons des cookies pour suivre les contenus du panier pendant que vous naviguez sur notre site.<\/p>\n\n\n\n<p class=\"has-black-color has-text-color has-link-color wp-elements-15505bd80ec498500fd2d05f3a062722\">Quand vous achetez sur notre site web, nous vous demanderons de fournir des informations incluant votre nom, adresse de facturation, adresse de livraison, e-mail, num\u00e9ro de t\u00e9l\u00e9phone, donn\u00e9es de paiement \/ carte bancaire et \u00e9ventuellement les donn\u00e9es du compte tel que l\u2019identifiant et le mot de passe. Ces informations seront utilis\u00e9es pour&nbsp;:<\/p>\n\n\n\n<ul class=\"wp-block-list\">\n<li><strong>Envoie de l\u2019information \u00e0 propos de votre compte et commande<\/strong><\/li>\n\n\n\n<li><strong>R\u00e9pondre aux demandes, incluant les remboursements et plaintes<\/strong><\/li>\n\n\n\n<li><strong>Traitement des paiements et pr\u00e9vention de la fraude<\/strong><\/li>\n\n\n\n<li><strong>Configurez votre compte pour notre boutique<\/strong><\/li>\n\n\n\n<li><strong>Se conformer avec toute obligation l\u00e9gale, telle que le calcul des taxes<\/strong><\/li>\n\n\n\n<li><strong>Am\u00e9liorer les offres de notre boutique<\/strong><\/li>\n\n\n\n<li><strong>Vous envoyer des messages marketing, si vous choisissez d\u2019en recevoir<\/strong><\/li>\n<\/ul>\n\n\n\n<p class=\"has-black-color has-text-color has-link-color wp-elements-226f79b2ba19795dff6923aa29f073c7\">Si vous cr\u00e9ez un compte, nous stockons votre nom, adresse, e-mail, et num\u00e9ro de t\u00e9l\u00e9phone, qui sera utilis\u00e9 pour pr\u00e9remplir la validation de commande pour les prochaines commandes.<\/p>\n\n\n\n<p class=\"has-black-color has-text-color has-link-color wp-elements-0e344613b62e08b7e2f7c8394c6ab53a\">Nous stockons g\u00e9n\u00e9ralement vos informations aussi longtemps que nous en avons besoin pour l\u2019usage pour lequel nous les collectons et utilisons, et nous ne sommes pas oblig\u00e9s l\u00e9galement de continuer \u00e0 les conserver. Par exemple, nous stockons les informations de commande aussi longtemps que n\u00e9cessaire pour les taxes et la comptabilit\u00e9. Ceci inclut votre nom, e-mail et adresses de facturation et livraison.<\/p>\n\n\n\n<p class=\"has-black-color has-text-color has-link-color wp-elements-003b575b86b715993137e675009f91f7\">Nous stockons aussi les commentaires ou avis, si vous choisissez d\u2019en envoyer.<\/p>\n\n\n\n<h2 class=\"wp-block-heading\">Qui de notre \u00e9quipe a acc\u00e8s aux donn\u00e9es<\/h2>\n\n\n\n<p class=\"has-black-color has-text-color has-link-color wp-elements-d39c341011bae18166d82318210e44b2\">Les membres de notre \u00e9quipe ont acc\u00e8s aux informations que vous nous fournissez. Par exemple, les administrateurs et g\u00e9rants de boutique ont acc\u00e8s&nbsp;:<\/p>\n\n\n\n<ul class=\"wp-block-list\">\n<li><strong>Information de commande tel que ce qui a \u00e9t\u00e9 achet\u00e9, quand et o\u00f9 cela doit \u00eatre envoy\u00e9, et<\/strong><\/li>\n\n\n\n<li><strong>Information client tel que votre nom, e-mail et informations de facturation<\/strong><\/li>\n<\/ul>\n\n\n\n<p class=\"has-black-color has-text-color has-link-color wp-elements-e56511794366f3e2b10d3e17a0760657\">Notre \u00e9quipe a acc\u00e8s \u00e0 ces informations pour traiter les commandes, effectuer les remboursements et vous aider.<\/p>\n\n\n\n<h2 class=\"wp-block-heading\">Ce que nous partageons avec d\u2019autres<\/h2>\n\n\n\n<p class=\"has-black-color has-text-color has-link-color wp-elements-82a2a3299caa35c51b4eb21b3bcb8b7b\">Nous partageons des donn\u00e9es avec des tiers qui nous aident \u00e0 g\u00e9rer nos commandes et services de la boutique; par exemple &#8212;<\/p>\n\n\n\n<h3 class=\"wp-block-heading\">Paiements<\/h3>\n\n\n\n<p class=\"has-black-color has-text-color has-link-color wp-elements-a67af0c15e092d7344f32b4e0551657d\">Nous acceptons les paiements par PayPal. Lors du traitement des paiements, certains donn\u00e9es seront transmises \u00e0 PayPal, incluant l\u2019information obligatoires \u00e0 l\u2019ex\u00e9cution du paiement, tel que le montant total ou les informations de facturation.<\/p>\n\n\n\n<p class=\"has-black-color has-text-color has-link-color wp-elements-8f627b33a935ea58fbfb11d6a94bf520\">Veuillez lire la&nbsp;<a href=\"https:\/\/www.paypal.com\/us\/webapps\/mpp\/ua\/privacy-full\">politique de confidentialit\u00e9 de PayPal<\/a>&nbsp;pour plus de d\u00e9tails.<\/p>\n\n\n\n<p><\/p>\n","protected":false},"excerpt":{"rendered":"<p>Qui sommes-nous&nbsp;? L\u2019adresse de notre site est&nbsp;: https:\/\/boutique.rabe3d.com. Commentaires Quand vous laissez un commentaire sur notre site, les donn\u00e9es inscrites dans le formulaire de commentaire, ainsi que votre adresse IP et l\u2019agent utilisateur de votre navigateur sont collect\u00e9s pour nous aider \u00e0 la d\u00e9tection des commentaires ind\u00e9sirables. M\u00e9dias Si vous t\u00e9l\u00e9versez des images sur le [&hellip;]<\/p>\n","protected":false},"author":1,"featured_media":0,"parent":0,"menu_order":0,"comment_status":"closed","ping_status":"open","template":"","meta":{"ocean_post_layout":"","ocean_both_sidebars_style":"","ocean_both_sidebars_content_width":0,"ocean_both_sidebars_sidebars_width":0,"ocean_sidebar":"","ocean_second_sidebar":"","ocean_disable_margins":"enable","ocean_add_body_class":"","ocean_shortcode_before_top_bar":"","ocean_shortcode_after_top_bar":"","ocean_shortcode_before_header":"","ocean_shortcode_after_header":"","ocean_has_shortcode":"","ocean_shortcode_after_title":"","ocean_shortcode_before_footer_widgets":"","ocean_shortcode_after_footer_widgets":"","ocean_shortcode_before_footer_bottom":"","ocean_shortcode_after_footer_bottom":"","ocean_display_top_bar":"default","ocean_display_header":"default","ocean_header_style":"","ocean_center_header_left_menu":"","ocean_custom_header_template":"","ocean_custom_logo":0,"ocean_custom_retina_logo":0,"ocean_custom_logo_max_width":0,"ocean_custom_logo_tablet_max_width":0,"ocean_custom_logo_mobile_max_width":0,"ocean_custom_logo_max_height":0,"ocean_custom_logo_tablet_max_height":0,"ocean_custom_logo_mobile_max_height":0,"ocean_header_custom_menu":"","ocean_menu_typo_font_family":"","ocean_menu_typo_font_subset":"","ocean_menu_typo_font_size":0,"ocean_menu_typo_font_size_tablet":0,"ocean_menu_typo_font_size_mobile":0,"ocean_menu_typo_font_size_unit":"px","ocean_menu_typo_font_weight":"","ocean_menu_typo_font_weight_tablet":"","ocean_menu_typo_font_weight_mobile":"","ocean_menu_typo_transform":"","ocean_menu_typo_transform_tablet":"","ocean_menu_typo_transform_mobile":"","ocean_menu_typo_line_height":0,"ocean_menu_typo_line_height_tablet":0,"ocean_menu_typo_line_height_mobile":0,"ocean_menu_typo_line_height_unit":"","ocean_menu_typo_spacing":0,"ocean_menu_typo_spacing_tablet":0,"ocean_menu_typo_spacing_mobile":0,"ocean_menu_typo_spacing_unit":"","ocean_menu_link_color":"","ocean_menu_link_color_hover":"","ocean_menu_link_color_active":"","ocean_menu_link_background":"","ocean_menu_link_hover_background":"","ocean_menu_link_active_background":"","ocean_menu_social_links_bg":"","ocean_menu_social_hover_links_bg":"","ocean_menu_social_links_color":"","ocean_menu_social_hover_links_color":"","ocean_disable_title":"default","ocean_disable_heading":"default","ocean_post_title":"","ocean_post_subheading":"","ocean_post_title_style":"","ocean_post_title_background_color":"","ocean_post_title_background":0,"ocean_post_title_bg_image_position":"","ocean_post_title_bg_image_attachment":"","ocean_post_title_bg_image_repeat":"","ocean_post_title_bg_image_size":"","ocean_post_title_height":0,"ocean_post_title_bg_overlay":0.5,"ocean_post_title_bg_overlay_color":"","ocean_disable_breadcrumbs":"default","ocean_breadcrumbs_color":"","ocean_breadcrumbs_separator_color":"","ocean_breadcrumbs_links_color":"","ocean_breadcrumbs_links_hover_color":"","ocean_display_footer_widgets":"default","ocean_display_footer_bottom":"default","ocean_custom_footer_template":"","footnotes":""},"class_list":["post-3","page","type-page","status-publish","hentry","entry","owp-thumbs-layout-vertical","owp-btn-normal","owp-tabs-layout-horizontal","has-no-thumbnails","has-product-nav"],"yoast_head":"<!-- This site is optimized with the Yoast SEO plugin v26.6 - https:\/\/yoast.com\/wordpress\/plugins\/seo\/ -->\n<title>Politique de Confidentialit\u00e9 | Boutique Rabe 3D<\/title>\n<meta name=\"description\" content=\"Nous s\u00e9curisons vos donn\u00e9es personnelles lors de vos achats de dossiers PDF. Notre engagement : transparence et respect de votre vie priv\u00e9e.\" \/>\n<meta name=\"robots\" content=\"index, follow, max-snippet:-1, max-image-preview:large, max-video-preview:-1\" \/>\n<link rel=\"canonical\" href=\"https:\/\/boutique.rabe3d.com\/index.php\/politique-de-confidentialite\/\" \/>\n<meta property=\"og:locale\" content=\"fr_FR\" \/>\n<meta property=\"og:type\" content=\"article\" \/>\n<meta property=\"og:title\" content=\"Politique de Confidentialit\u00e9 | Boutique Rabe 3D\" \/>\n<meta property=\"og:description\" content=\"Nous s\u00e9curisons vos donn\u00e9es personnelles lors de vos achats de dossiers PDF. Notre engagement : transparence et respect de votre vie priv\u00e9e.\" \/>\n<meta property=\"og:url\" content=\"https:\/\/boutique.rabe3d.com\/index.php\/politique-de-confidentialite\/\" \/>\n<meta property=\"og:site_name\" content=\"Boutique Dossiers PDF\" \/>\n<meta property=\"article:publisher\" content=\"https:\/\/web.facebook.com\/profile.php?id=61555242518659\" \/>\n<meta property=\"article:modified_time\" content=\"2025-09-26T11:27:05+00:00\" \/>\n<meta name=\"twitter:card\" content=\"summary_large_image\" \/>\n<meta name=\"twitter:label1\" content=\"Dur\u00e9e de lecture estim\u00e9e\" \/>\n\t<meta name=\"twitter:data1\" content=\"6 minutes\" \/>\n<script type=\"application\/ld+json\" class=\"yoast-schema-graph\">{\"@context\":\"https:\/\/schema.org\",\"@graph\":[{\"@type\":\"WebPage\",\"@id\":\"https:\/\/boutique.rabe3d.com\/index.php\/politique-de-confidentialite\/\",\"url\":\"https:\/\/boutique.rabe3d.com\/index.php\/politique-de-confidentialite\/\",\"name\":\"Politique de Confidentialit\u00e9 | Boutique Rabe 3D\",\"isPartOf\":{\"@id\":\"https:\/\/boutique.rabe3d.com\/#website\"},\"datePublished\":\"2024-01-18T15:12:38+00:00\",\"dateModified\":\"2025-09-26T11:27:05+00:00\",\"description\":\"Nous s\u00e9curisons vos donn\u00e9es personnelles lors de vos achats de dossiers PDF. Notre engagement : transparence et respect de votre vie priv\u00e9e.\",\"breadcrumb\":{\"@id\":\"https:\/\/boutique.rabe3d.com\/index.php\/politique-de-confidentialite\/#breadcrumb\"},\"inLanguage\":\"fr-FR\",\"potentialAction\":[{\"@type\":\"ReadAction\",\"target\":[\"https:\/\/boutique.rabe3d.com\/index.php\/politique-de-confidentialite\/\"]}]},{\"@type\":\"BreadcrumbList\",\"@id\":\"https:\/\/boutique.rabe3d.com\/index.php\/politique-de-confidentialite\/#breadcrumb\",\"itemListElement\":[{\"@type\":\"ListItem\",\"position\":1,\"name\":\"Accueil\",\"item\":\"https:\/\/boutique.rabe3d.com\/\"},{\"@type\":\"ListItem\",\"position\":2,\"name\":\"Politique de confidentialit\u00e9\"}]},{\"@type\":\"WebSite\",\"@id\":\"https:\/\/boutique.rabe3d.com\/#website\",\"url\":\"https:\/\/boutique.rabe3d.com\/\",\"name\":\"Boutique\",\"description\":\"\u00c9tudes m\u00e9caniques cl\u00e9 en main \u2014 vos notes de calcul et dossiers fabrication en PDF.\",\"publisher\":{\"@id\":\"https:\/\/boutique.rabe3d.com\/#organization\"},\"potentialAction\":[{\"@type\":\"SearchAction\",\"target\":{\"@type\":\"EntryPoint\",\"urlTemplate\":\"https:\/\/boutique.rabe3d.com\/?s={search_term_string}\"},\"query-input\":{\"@type\":\"PropertyValueSpecification\",\"valueRequired\":true,\"valueName\":\"search_term_string\"}}],\"inLanguage\":\"fr-FR\"},{\"@type\":\"Organization\",\"@id\":\"https:\/\/boutique.rabe3d.com\/#organization\",\"name\":\"Boutique\",\"url\":\"https:\/\/boutique.rabe3d.com\/\",\"logo\":{\"@type\":\"ImageObject\",\"inLanguage\":\"fr-FR\",\"@id\":\"https:\/\/boutique.rabe3d.com\/#\/schema\/logo\/image\/\",\"url\":\"https:\/\/boutique.rabe3d.com\/wp-content\/uploads\/2024\/01\/cropped-Rabe-3D-Engineering-100-pixels-Boutique.png\",\"contentUrl\":\"https:\/\/boutique.rabe3d.com\/wp-content\/uploads\/2024\/01\/cropped-Rabe-3D-Engineering-100-pixels-Boutique.png\",\"width\":354,\"height\":79,\"caption\":\"Boutique\"},\"image\":{\"@id\":\"https:\/\/boutique.rabe3d.com\/#\/schema\/logo\/image\/\"},\"sameAs\":[\"https:\/\/web.facebook.com\/profile.php?id=61555242518659\"]}]}<\/script>\n<!-- \/ Yoast SEO plugin. -->","yoast_head_json":{"title":"Politique de Confidentialit\u00e9 | Boutique Rabe 3D","description":"Nous s\u00e9curisons vos donn\u00e9es personnelles lors de vos achats de dossiers PDF. Notre engagement : transparence et respect de votre vie priv\u00e9e.","robots":{"index":"index","follow":"follow","max-snippet":"max-snippet:-1","max-image-preview":"max-image-preview:large","max-video-preview":"max-video-preview:-1"},"canonical":"https:\/\/boutique.rabe3d.com\/index.php\/politique-de-confidentialite\/","og_locale":"fr_FR","og_type":"article","og_title":"Politique de Confidentialit\u00e9 | Boutique Rabe 3D","og_description":"Nous s\u00e9curisons vos donn\u00e9es personnelles lors de vos achats de dossiers PDF. Notre engagement : transparence et respect de votre vie priv\u00e9e.","og_url":"https:\/\/boutique.rabe3d.com\/index.php\/politique-de-confidentialite\/","og_site_name":"Boutique Dossiers PDF","article_publisher":"https:\/\/web.facebook.com\/profile.php?id=61555242518659","article_modified_time":"2025-09-26T11:27:05+00:00","twitter_card":"summary_large_image","twitter_misc":{"Dur\u00e9e de lecture estim\u00e9e":"6 minutes"},"schema":{"@context":"https:\/\/schema.org","@graph":[{"@type":"WebPage","@id":"https:\/\/boutique.rabe3d.com\/index.php\/politique-de-confidentialite\/","url":"https:\/\/boutique.rabe3d.com\/index.php\/politique-de-confidentialite\/","name":"Politique de Confidentialit\u00e9 | Boutique Rabe 3D","isPartOf":{"@id":"https:\/\/boutique.rabe3d.com\/#website"},"datePublished":"2024-01-18T15:12:38+00:00","dateModified":"2025-09-26T11:27:05+00:00","description":"Nous s\u00e9curisons vos donn\u00e9es personnelles lors de vos achats de dossiers PDF. Notre engagement : transparence et respect de votre vie priv\u00e9e.","breadcrumb":{"@id":"https:\/\/boutique.rabe3d.com\/index.php\/politique-de-confidentialite\/#breadcrumb"},"inLanguage":"fr-FR","potentialAction":[{"@type":"ReadAction","target":["https:\/\/boutique.rabe3d.com\/index.php\/politique-de-confidentialite\/"]}]},{"@type":"BreadcrumbList","@id":"https:\/\/boutique.rabe3d.com\/index.php\/politique-de-confidentialite\/#breadcrumb","itemListElement":[{"@type":"ListItem","position":1,"name":"Accueil","item":"https:\/\/boutique.rabe3d.com\/"},{"@type":"ListItem","position":2,"name":"Politique de confidentialit\u00e9"}]},{"@type":"WebSite","@id":"https:\/\/boutique.rabe3d.com\/#website","url":"https:\/\/boutique.rabe3d.com\/","name":"Boutique","description":"\u00c9tudes m\u00e9caniques cl\u00e9 en main \u2014 vos notes de calcul et dossiers fabrication en PDF.","publisher":{"@id":"https:\/\/boutique.rabe3d.com\/#organization"},"potentialAction":[{"@type":"SearchAction","target":{"@type":"EntryPoint","urlTemplate":"https:\/\/boutique.rabe3d.com\/?s={search_term_string}"},"query-input":{"@type":"PropertyValueSpecification","valueRequired":true,"valueName":"search_term_string"}}],"inLanguage":"fr-FR"},{"@type":"Organization","@id":"https:\/\/boutique.rabe3d.com\/#organization","name":"Boutique","url":"https:\/\/boutique.rabe3d.com\/","logo":{"@type":"ImageObject","inLanguage":"fr-FR","@id":"https:\/\/boutique.rabe3d.com\/#\/schema\/logo\/image\/","url":"https:\/\/boutique.rabe3d.com\/wp-content\/uploads\/2024\/01\/cropped-Rabe-3D-Engineering-100-pixels-Boutique.png","contentUrl":"https:\/\/boutique.rabe3d.com\/wp-content\/uploads\/2024\/01\/cropped-Rabe-3D-Engineering-100-pixels-Boutique.png","width":354,"height":79,"caption":"Boutique"},"image":{"@id":"https:\/\/boutique.rabe3d.com\/#\/schema\/logo\/image\/"},"sameAs":["https:\/\/web.facebook.com\/profile.php?id=61555242518659"]}]}},"_links":{"self":[{"href":"https:\/\/boutique.rabe3d.com\/index.php\/wp-json\/wp\/v2\/pages\/3","targetHints":{"allow":["GET"]}}],"collection":[{"href":"https:\/\/boutique.rabe3d.com\/index.php\/wp-json\/wp\/v2\/pages"}],"about":[{"href":"https:\/\/boutique.rabe3d.com\/index.php\/wp-json\/wp\/v2\/types\/page"}],"author":[{"embeddable":true,"href":"https:\/\/boutique.rabe3d.com\/index.php\/wp-json\/wp\/v2\/users\/1"}],"replies":[{"embeddable":true,"href":"https:\/\/boutique.rabe3d.com\/index.php\/wp-json\/wp\/v2\/comments?post=3"}],"version-history":[{"count":11,"href":"https:\/\/boutique.rabe3d.com\/index.php\/wp-json\/wp\/v2\/pages\/3\/revisions"}],"predecessor-version":[{"id":2446,"href":"https:\/\/boutique.rabe3d.com\/index.php\/wp-json\/wp\/v2\/pages\/3\/revisions\/2446"}],"wp:attachment":[{"href":"https:\/\/boutique.rabe3d.com\/index.php\/wp-json\/wp\/v2\/media?parent=3"}],"curies":[{"name":"wp","href":"https:\/\/api.w.org\/{rel}","templated":true}]}}