{"id":1661,"date":"2024-09-14T09:15:17","date_gmt":"2024-09-14T07:15:17","guid":{"rendered":"https:\/\/boutique.rabe3d.com\/?post_type=product&#038;p=1661"},"modified":"2025-08-27T18:48:45","modified_gmt":"2025-08-27T16:48:45","slug":"reservoir-9-150-l","status":"publish","type":"product","link":"https:\/\/boutique.rabe3d.com\/index.php\/produit\/reservoir-9-150-l\/","title":{"rendered":"R\u00e9servoir GPL 9 150 L"},"content":{"rendered":"<h2>Description du dossier technique<\/h2>\n<p>Ce produit met \u00e0 disposition les <strong>documents techniques<\/strong> n\u00e9cessaires \u00e0 la <strong>mat\u00e9rialisation<\/strong> d\u2019un r\u00e9servoir GPL de <strong>9 150 L<\/strong> : la <strong>note de calcul<\/strong> et le <strong>dossier de fabrication<\/strong>. Ces fichiers servent de base fiable pour la conception, la fabrication, l\u2019installation et les contr\u00f4les. Ils sont fournis en <strong>PDF A3 et A4 (100 pages).<\/strong><\/p>\n<h3>Sp\u00e9cifications techniques du r\u00e9servoir concern\u00e9<\/h3>\n<ul>\n<li><strong>Fluide :<\/strong> Propane \/ Propane-Butane<\/li>\n<li><strong>Pression de service et de calcul :<\/strong> 20 bars<\/li>\n<li><strong>Pression d\u2019\u00e9preuve :<\/strong> 28,6 bars<\/li>\n<li><strong>Temp\u00e9rature de service :<\/strong> -20\u00b0C \u00e0 +50\u00b0C<\/li>\n<li><strong>Capacit\u00e9 nominale :<\/strong> 9 150 L<\/li>\n<li><strong>Contenance utile \u00e0 85 % :<\/strong> 3 999 kg de propane<\/li>\n<li><strong>Poids \u00e0 vide :<\/strong> 2 478 kg<\/li>\n<li><strong>Dimensions hors tout (L \u00d7 \u00d8 \u00d7 h) :<\/strong> 5 615 \u00d7 1 500 \u00d7 1 975 mm<\/li>\n<li><strong>Code de conception :<\/strong> CODAP Division 2 \u2013 Marquage CE<\/li>\n<\/ul>\n<h3>Contenu des documents<\/h3>\n<ul>\n<li><strong>Note de calcul :<\/strong> dimensionnement, v\u00e9rifications de r\u00e9sistance, hypoth\u00e8ses et marges de s\u00e9curit\u00e9.<\/li>\n<li><strong>Dossier de fabrication :<\/strong> plans d\u00e9taill\u00e9s, sch\u00e9mas de soudage, gammes et contr\u00f4les (CND), r\u00e9f\u00e9rences fournisseurs des accessoires.<\/li>\n<\/ul>\n<h3>Avantages<\/h3>\n<ul>\n<li><strong>Mat\u00e9rialisation facilit\u00e9e :<\/strong> documents structur\u00e9s pour passer rapidement de l\u2019\u00e9tude \u00e0 la fabrication.<\/li>\n<li><strong>Conformit\u00e9 :<\/strong> justification selon le CODAP Div. 2 et exigences europ\u00e9ennes.<\/li>\n<li><strong>Gain de temps :<\/strong> plans et calculs pr\u00eats pour dossiers administratifs et appels d\u2019offres.<\/li>\n<li><strong>Clart\u00e9 technique :<\/strong> liste des accessoires avec r\u00e9f\u00e9rences fournisseurs.<\/li>\n<\/ul>\n<h3>FAQ<\/h3>\n<p><strong>Que re\u00e7oit-on apr\u00e8s commande ?<\/strong><br \/>\nVous t\u00e9l\u00e9chargez les <strong>documents techniques en PDF (A3\/A4)<\/strong> : note de calcul et dossier de fabrication permettant la mat\u00e9rialisation du r\u00e9servoir.<\/p>\n<p><strong>Les contr\u00f4les sont-ils pris en compte ?<\/strong><br \/>\nOui, le dossier int\u00e8gre les exigences et comptes rendus de <strong>Contr\u00f4les Non Destructifs (CND)<\/strong> pr\u00e9vus.<\/p>\n<p><strong>Les accessoires sont-ils pr\u00e9cis\u00e9s ?<\/strong><br \/>\nOui, une <strong>liste d\u2019accessoires<\/strong> (robinets, jauges, soupapes de s\u00e9curit\u00e9, etc.) est fournie avec <strong>r\u00e9f\u00e9rences fournisseurs<\/strong>.<\/p>\n","protected":false},"excerpt":{"rendered":"<p>Plans de fabrication et note de calcul complets pour la conception et la concr\u00e9tisation de votre r\u00e9servoir GPL, conformes aux exigences r\u00e9glementaires.<\/p>\n<table style=\"height: 189px; width: 100%; border-collapse: collapse; background-color: #f9f9f9; border-radius: 6px; padding: 5px; border-color: #f9f9f9;\" cellpadding=\"3px 0px\">\n<tbody>\n<tr style=\"height: 44px;\">\n<td style=\"width: 40px; text-align: center; vertical-align: middle; padding: 3px 0px; height: 44px;\"><img decoding=\"async\" class=\"alignnone wp-image-2883\" src=\"https:\/\/boutique.rabe3d.com\/wp-content\/uploads\/2025\/07\/Dossiers-techniques-3-Sans-fond-284x300.png\" alt=\"\" width=\"42\" height=\"45\" srcset=\"https:\/\/boutique.rabe3d.com\/wp-content\/uploads\/2025\/07\/Dossiers-techniques-3-Sans-fond-284x300.png 284w, https:\/\/boutique.rabe3d.com\/wp-content\/uploads\/2025\/07\/Dossiers-techniques-3-Sans-fond.png 308w\" sizes=\"(max-width: 42px) 100vw, 42px\" \/><\/td>\n<td style=\"vertical-align: middle; padding: 3px 0px; height: 44px;\">Dossier techniques : <strong>Note de calcul &amp; Dossier de fabrication<\/strong><\/td>\n<\/tr>\n<tr style=\"height: 49px;\">\n<td style=\"text-align: center; vertical-align: middle; padding: 3px 0px; height: 49px;\"><img decoding=\"async\" class=\"alignnone wp-image-2878\" src=\"https:\/\/boutique.rabe3d.com\/wp-content\/uploads\/2025\/08\/Logo-PDF-sans-fond-291x300.png\" alt=\"\" width=\"50\" height=\"52\" srcset=\"https:\/\/boutique.rabe3d.com\/wp-content\/uploads\/2025\/08\/Logo-PDF-sans-fond-291x300.png 291w, https:\/\/boutique.rabe3d.com\/wp-content\/uploads\/2025\/08\/Logo-PDF-sans-fond.png 403w\" sizes=\"(max-width: 50px) 100vw, 50px\" \/><\/td>\n<td style=\"vertical-align: middle; padding: 3px 0px; height: 49px;\">Format : <strong>PDF<\/strong><\/td>\n<\/tr>\n<tr style=\"height: 48px;\">\n<td style=\"text-align: center; vertical-align: middle; padding: 3px 0px; height: 48px;\"><img decoding=\"async\" class=\"alignnone wp-image-2884\" src=\"https:\/\/boutique.rabe3d.com\/wp-content\/uploads\/2025\/07\/Impression-sans-fond-281x300.png\" alt=\"\" width=\"44\" height=\"47\" srcset=\"https:\/\/boutique.rabe3d.com\/wp-content\/uploads\/2025\/07\/Impression-sans-fond-281x300.png 281w, https:\/\/boutique.rabe3d.com\/wp-content\/uploads\/2025\/07\/Impression-sans-fond.png 346w\" sizes=\"(max-width: 44px) 100vw, 44px\" \/><\/td>\n<td style=\"vertical-align: middle; padding: 3px 0px; height: 48px;\">Impression : <strong>A3 &amp; A4<\/strong><\/td>\n<\/tr>\n<tr style=\"height: 48px;\">\n<td style=\"text-align: center; vertical-align: middle; padding: 3px 0px; height: 48px;\"><img loading=\"lazy\" decoding=\"async\" class=\"alignnone size-medium wp-image-2885\" src=\"https:\/\/boutique.rabe3d.com\/wp-content\/uploads\/2025\/07\/Telechargement-1-sans-fonds-281x300.png\" alt=\"\" width=\"281\" height=\"300\" srcset=\"https:\/\/boutique.rabe3d.com\/wp-content\/uploads\/2025\/07\/Telechargement-1-sans-fonds-281x300.png 281w, https:\/\/boutique.rabe3d.com\/wp-content\/uploads\/2025\/07\/Telechargement-1-sans-fonds.png 346w\" sizes=\"(max-width: 281px) 100vw, 281px\" \/><\/td>\n<td style=\"vertical-align: middle; padding: 3px 0px; height: 48px;\">T\u00e9l\u00e9chargement imm\u00e9diat : <strong>100 pages<\/strong><\/td>\n<\/tr>\n<\/tbody>\n<\/table>\n","protected":false},"featured_media":2953,"comment_status":"open","ping_status":"closed","template":"","meta":{"ocean_post_layout":"","ocean_both_sidebars_style":"","ocean_both_sidebars_content_width":0,"ocean_both_sidebars_sidebars_width":0,"ocean_sidebar":"0","ocean_second_sidebar":"0","ocean_disable_margins":"enable","ocean_add_body_class":"","ocean_shortcode_before_top_bar":"","ocean_shortcode_after_top_bar":"","ocean_shortcode_before_header":"","ocean_shortcode_after_header":"","ocean_has_shortcode":"","ocean_shortcode_after_title":"","ocean_shortcode_before_footer_widgets":"","ocean_shortcode_after_footer_widgets":"","ocean_shortcode_before_footer_bottom":"","ocean_shortcode_after_footer_bottom":"","ocean_display_top_bar":"default","ocean_display_header":"default","ocean_header_style":"","ocean_center_header_left_menu":"0","ocean_custom_header_template":"0","ocean_custom_logo":0,"ocean_custom_retina_logo":0,"ocean_custom_logo_max_width":0,"ocean_custom_logo_tablet_max_width":0,"ocean_custom_logo_mobile_max_width":0,"ocean_custom_logo_max_height":0,"ocean_custom_logo_tablet_max_height":0,"ocean_custom_logo_mobile_max_height":0,"ocean_header_custom_menu":"0","ocean_menu_typo_font_family":"0","ocean_menu_typo_font_subset":"","ocean_menu_typo_font_size":0,"ocean_menu_typo_font_size_tablet":0,"ocean_menu_typo_font_size_mobile":0,"ocean_menu_typo_font_size_unit":"px","ocean_menu_typo_font_weight":"","ocean_menu_typo_font_weight_tablet":"","ocean_menu_typo_font_weight_mobile":"","ocean_menu_typo_transform":"","ocean_menu_typo_transform_tablet":"","ocean_menu_typo_transform_mobile":"","ocean_menu_typo_line_height":0,"ocean_menu_typo_line_height_tablet":0,"ocean_menu_typo_line_height_mobile":0,"ocean_menu_typo_line_height_unit":"","ocean_menu_typo_spacing":0,"ocean_menu_typo_spacing_tablet":0,"ocean_menu_typo_spacing_mobile":0,"ocean_menu_typo_spacing_unit":"","ocean_menu_link_color":"","ocean_menu_link_color_hover":"","ocean_menu_link_color_active":"","ocean_menu_link_background":"","ocean_menu_link_hover_background":"","ocean_menu_link_active_background":"","ocean_menu_social_links_bg":"","ocean_menu_social_hover_links_bg":"","ocean_menu_social_links_color":"","ocean_menu_social_hover_links_color":"","ocean_disable_title":"default","ocean_disable_heading":"default","ocean_post_title":"","ocean_post_subheading":"Dossier technique PDF complet \u2013 pr\u00eat \u00e0 l'emploi","ocean_post_title_style":"","ocean_post_title_background_color":"","ocean_post_title_background":0,"ocean_post_title_bg_image_position":"","ocean_post_title_bg_image_attachment":"","ocean_post_title_bg_image_repeat":"","ocean_post_title_bg_image_size":"","ocean_post_title_height":0,"ocean_post_title_bg_overlay":0.5,"ocean_post_title_bg_overlay_color":"","ocean_disable_breadcrumbs":"default","ocean_breadcrumbs_color":"","ocean_breadcrumbs_separator_color":"","ocean_breadcrumbs_links_color":"","ocean_breadcrumbs_links_hover_color":"","ocean_display_footer_widgets":"default","ocean_display_footer_bottom":"default","ocean_custom_footer_template":"0"},"product_brand":[],"product_cat":[95,107,96,71,72],"product_tag":[113],"class_list":{"0":"post-1661","1":"product","2":"type-product","3":"status-publish","4":"has-post-thumbnail","6":"product_cat-capacite","7":"product_cat-plus-de-3-tonnes","8":"product_cat-propane-stocke-85","9":"product_cat-reservoirs-gpl","10":"product_cat-reservoirs-horizontaux","11":"product_tag-9-150-l","13":"entry","14":"has-media","16":"first","17":"instock","18":"downloadable","19":"taxable","20":"shipping-taxable","21":"purchasable","22":"product-type-simple","23":"add-to-wishlist-before_image","24":"has-product-nav","25":"col","26":"span_1_of_3","27":"owp-content-center","28":"owp-thumbs-layout-vertical","29":"owp-btn-normal","30":"owp-tabs-layout-horizontal"},"yoast_head":"<!-- This site is optimized with the Yoast SEO plugin v26.6 - https:\/\/yoast.com\/wordpress\/plugins\/seo\/ -->\n<title>R\u00e9servoir GPL 9 150 L \u2013 Dossier de fabrication et note de calcul<\/title>\n<meta name=\"description\" content=\"Un dossier technique complet avec plans et note de calcul pour la mat\u00e9rialisation fiable de votre r\u00e9servoir GPL, conforme aux normes europ\u00e9ennes.\" \/>\n<meta name=\"robots\" content=\"index, follow, max-snippet:-1, max-image-preview:large, max-video-preview:-1\" \/>\n<link rel=\"canonical\" href=\"https:\/\/boutique.rabe3d.com\/index.php\/produit\/reservoir-9-150-l\/\" \/>\n<meta property=\"og:locale\" content=\"fr_FR\" \/>\n<meta property=\"og:type\" content=\"article\" \/>\n<meta property=\"og:title\" content=\"R\u00e9servoir GPL 9 150 L \u2013 Dossier de fabrication et note de calcul\" \/>\n<meta property=\"og:description\" content=\"Un dossier technique complet avec plans et note de calcul pour la mat\u00e9rialisation fiable de votre r\u00e9servoir GPL, conforme aux normes europ\u00e9ennes.\" \/>\n<meta property=\"og:url\" content=\"https:\/\/boutique.rabe3d.com\/index.php\/produit\/reservoir-9-150-l\/\" \/>\n<meta property=\"og:site_name\" content=\"Boutique Dossiers PDF\" \/>\n<meta property=\"article:publisher\" content=\"https:\/\/web.facebook.com\/profile.php?id=61555242518659\" \/>\n<meta property=\"article:modified_time\" content=\"2025-08-27T16:48:45+00:00\" \/>\n<meta property=\"og:image\" content=\"https:\/\/boutique.rabe3d.com\/wp-content\/uploads\/2024\/09\/reservoir-gpl-9150-l.png\" \/>\n\t<meta property=\"og:image:width\" content=\"800\" \/>\n\t<meta property=\"og:image:height\" content=\"800\" \/>\n\t<meta property=\"og:image:type\" content=\"image\/png\" \/>\n<meta name=\"twitter:card\" content=\"summary_large_image\" \/>\n<meta name=\"twitter:label1\" content=\"Dur\u00e9e de lecture estim\u00e9e\" \/>\n\t<meta name=\"twitter:data1\" content=\"2 minutes\" \/>\n<script type=\"application\/ld+json\" class=\"yoast-schema-graph\">{\"@context\":\"https:\/\/schema.org\",\"@graph\":[{\"@type\":\"WebPage\",\"@id\":\"https:\/\/boutique.rabe3d.com\/index.php\/produit\/reservoir-9-150-l\/\",\"url\":\"https:\/\/boutique.rabe3d.com\/index.php\/produit\/reservoir-9-150-l\/\",\"name\":\"R\u00e9servoir GPL 9 150 L \u2013 Dossier de fabrication et note de calcul\",\"isPartOf\":{\"@id\":\"https:\/\/boutique.rabe3d.com\/#website\"},\"primaryImageOfPage\":{\"@id\":\"https:\/\/boutique.rabe3d.com\/index.php\/produit\/reservoir-9-150-l\/#primaryimage\"},\"image\":{\"@id\":\"https:\/\/boutique.rabe3d.com\/index.php\/produit\/reservoir-9-150-l\/#primaryimage\"},\"thumbnailUrl\":\"https:\/\/boutique.rabe3d.com\/wp-content\/uploads\/2024\/09\/reservoir-gpl-9150-l.png\",\"datePublished\":\"2024-09-14T07:15:17+00:00\",\"dateModified\":\"2025-08-27T16:48:45+00:00\",\"description\":\"Un dossier technique complet avec plans et note de calcul pour la mat\u00e9rialisation fiable de votre r\u00e9servoir GPL, conforme aux normes europ\u00e9ennes.\",\"breadcrumb\":{\"@id\":\"https:\/\/boutique.rabe3d.com\/index.php\/produit\/reservoir-9-150-l\/#breadcrumb\"},\"inLanguage\":\"fr-FR\",\"potentialAction\":[{\"@type\":\"ReadAction\",\"target\":[\"https:\/\/boutique.rabe3d.com\/index.php\/produit\/reservoir-9-150-l\/\"]}]},{\"@type\":\"ImageObject\",\"inLanguage\":\"fr-FR\",\"@id\":\"https:\/\/boutique.rabe3d.com\/index.php\/produit\/reservoir-9-150-l\/#primaryimage\",\"url\":\"https:\/\/boutique.rabe3d.com\/wp-content\/uploads\/2024\/09\/reservoir-gpl-9150-l.png\",\"contentUrl\":\"https:\/\/boutique.rabe3d.com\/wp-content\/uploads\/2024\/09\/reservoir-gpl-9150-l.png\",\"width\":800,\"height\":800,\"caption\":\"R\u00e9servoir GPL 9150 L\"},{\"@type\":\"BreadcrumbList\",\"@id\":\"https:\/\/boutique.rabe3d.com\/index.php\/produit\/reservoir-9-150-l\/#breadcrumb\",\"itemListElement\":[{\"@type\":\"ListItem\",\"position\":1,\"name\":\"Accueil\",\"item\":\"https:\/\/boutique.rabe3d.com\/\"},{\"@type\":\"ListItem\",\"position\":2,\"name\":\"Boutique\",\"item\":\"https:\/\/boutique.rabe3d.com\/index.php\/boutique-2\/\"},{\"@type\":\"ListItem\",\"position\":3,\"name\":\"R\u00e9servoir GPL 9 150 L\"}]},{\"@type\":\"WebSite\",\"@id\":\"https:\/\/boutique.rabe3d.com\/#website\",\"url\":\"https:\/\/boutique.rabe3d.com\/\",\"name\":\"Boutique\",\"description\":\"\u00c9tudes m\u00e9caniques cl\u00e9 en main \u2014 vos notes de calcul et dossiers fabrication en PDF.\",\"publisher\":{\"@id\":\"https:\/\/boutique.rabe3d.com\/#organization\"},\"potentialAction\":[{\"@type\":\"SearchAction\",\"target\":{\"@type\":\"EntryPoint\",\"urlTemplate\":\"https:\/\/boutique.rabe3d.com\/?s={search_term_string}\"},\"query-input\":{\"@type\":\"PropertyValueSpecification\",\"valueRequired\":true,\"valueName\":\"search_term_string\"}}],\"inLanguage\":\"fr-FR\"},{\"@type\":\"Organization\",\"@id\":\"https:\/\/boutique.rabe3d.com\/#organization\",\"name\":\"Boutique\",\"url\":\"https:\/\/boutique.rabe3d.com\/\",\"logo\":{\"@type\":\"ImageObject\",\"inLanguage\":\"fr-FR\",\"@id\":\"https:\/\/boutique.rabe3d.com\/#\/schema\/logo\/image\/\",\"url\":\"https:\/\/boutique.rabe3d.com\/wp-content\/uploads\/2024\/01\/cropped-Rabe-3D-Engineering-100-pixels-Boutique.png\",\"contentUrl\":\"https:\/\/boutique.rabe3d.com\/wp-content\/uploads\/2024\/01\/cropped-Rabe-3D-Engineering-100-pixels-Boutique.png\",\"width\":354,\"height\":79,\"caption\":\"Boutique\"},\"image\":{\"@id\":\"https:\/\/boutique.rabe3d.com\/#\/schema\/logo\/image\/\"},\"sameAs\":[\"https:\/\/web.facebook.com\/profile.php?id=61555242518659\"]}]}<\/script>\n<!-- \/ Yoast SEO plugin. -->","yoast_head_json":{"title":"R\u00e9servoir GPL 9 150 L \u2013 Dossier de fabrication et note de calcul","description":"Un dossier technique complet avec plans et note de calcul pour la mat\u00e9rialisation fiable de votre r\u00e9servoir GPL, conforme aux normes europ\u00e9ennes.","robots":{"index":"index","follow":"follow","max-snippet":"max-snippet:-1","max-image-preview":"max-image-preview:large","max-video-preview":"max-video-preview:-1"},"canonical":"https:\/\/boutique.rabe3d.com\/index.php\/produit\/reservoir-9-150-l\/","og_locale":"fr_FR","og_type":"article","og_title":"R\u00e9servoir GPL 9 150 L \u2013 Dossier de fabrication et note de calcul","og_description":"Un dossier technique complet avec plans et note de calcul pour la mat\u00e9rialisation fiable de votre r\u00e9servoir GPL, conforme aux normes europ\u00e9ennes.","og_url":"https:\/\/boutique.rabe3d.com\/index.php\/produit\/reservoir-9-150-l\/","og_site_name":"Boutique Dossiers PDF","article_publisher":"https:\/\/web.facebook.com\/profile.php?id=61555242518659","article_modified_time":"2025-08-27T16:48:45+00:00","og_image":[{"width":800,"height":800,"url":"https:\/\/boutique.rabe3d.com\/wp-content\/uploads\/2024\/09\/reservoir-gpl-9150-l.png","type":"image\/png"}],"twitter_card":"summary_large_image","twitter_misc":{"Dur\u00e9e de lecture estim\u00e9e":"2 minutes"},"schema":{"@context":"https:\/\/schema.org","@graph":[{"@type":"WebPage","@id":"https:\/\/boutique.rabe3d.com\/index.php\/produit\/reservoir-9-150-l\/","url":"https:\/\/boutique.rabe3d.com\/index.php\/produit\/reservoir-9-150-l\/","name":"R\u00e9servoir GPL 9 150 L \u2013 Dossier de fabrication et note de calcul","isPartOf":{"@id":"https:\/\/boutique.rabe3d.com\/#website"},"primaryImageOfPage":{"@id":"https:\/\/boutique.rabe3d.com\/index.php\/produit\/reservoir-9-150-l\/#primaryimage"},"image":{"@id":"https:\/\/boutique.rabe3d.com\/index.php\/produit\/reservoir-9-150-l\/#primaryimage"},"thumbnailUrl":"https:\/\/boutique.rabe3d.com\/wp-content\/uploads\/2024\/09\/reservoir-gpl-9150-l.png","datePublished":"2024-09-14T07:15:17+00:00","dateModified":"2025-08-27T16:48:45+00:00","description":"Un dossier technique complet avec plans et note de calcul pour la mat\u00e9rialisation fiable de votre r\u00e9servoir GPL, conforme aux normes europ\u00e9ennes.","breadcrumb":{"@id":"https:\/\/boutique.rabe3d.com\/index.php\/produit\/reservoir-9-150-l\/#breadcrumb"},"inLanguage":"fr-FR","potentialAction":[{"@type":"ReadAction","target":["https:\/\/boutique.rabe3d.com\/index.php\/produit\/reservoir-9-150-l\/"]}]},{"@type":"ImageObject","inLanguage":"fr-FR","@id":"https:\/\/boutique.rabe3d.com\/index.php\/produit\/reservoir-9-150-l\/#primaryimage","url":"https:\/\/boutique.rabe3d.com\/wp-content\/uploads\/2024\/09\/reservoir-gpl-9150-l.png","contentUrl":"https:\/\/boutique.rabe3d.com\/wp-content\/uploads\/2024\/09\/reservoir-gpl-9150-l.png","width":800,"height":800,"caption":"R\u00e9servoir GPL 9150 L"},{"@type":"BreadcrumbList","@id":"https:\/\/boutique.rabe3d.com\/index.php\/produit\/reservoir-9-150-l\/#breadcrumb","itemListElement":[{"@type":"ListItem","position":1,"name":"Accueil","item":"https:\/\/boutique.rabe3d.com\/"},{"@type":"ListItem","position":2,"name":"Boutique","item":"https:\/\/boutique.rabe3d.com\/index.php\/boutique-2\/"},{"@type":"ListItem","position":3,"name":"R\u00e9servoir GPL 9 150 L"}]},{"@type":"WebSite","@id":"https:\/\/boutique.rabe3d.com\/#website","url":"https:\/\/boutique.rabe3d.com\/","name":"Boutique","description":"\u00c9tudes m\u00e9caniques cl\u00e9 en main \u2014 vos notes de calcul et dossiers fabrication en PDF.","publisher":{"@id":"https:\/\/boutique.rabe3d.com\/#organization"},"potentialAction":[{"@type":"SearchAction","target":{"@type":"EntryPoint","urlTemplate":"https:\/\/boutique.rabe3d.com\/?s={search_term_string}"},"query-input":{"@type":"PropertyValueSpecification","valueRequired":true,"valueName":"search_term_string"}}],"inLanguage":"fr-FR"},{"@type":"Organization","@id":"https:\/\/boutique.rabe3d.com\/#organization","name":"Boutique","url":"https:\/\/boutique.rabe3d.com\/","logo":{"@type":"ImageObject","inLanguage":"fr-FR","@id":"https:\/\/boutique.rabe3d.com\/#\/schema\/logo\/image\/","url":"https:\/\/boutique.rabe3d.com\/wp-content\/uploads\/2024\/01\/cropped-Rabe-3D-Engineering-100-pixels-Boutique.png","contentUrl":"https:\/\/boutique.rabe3d.com\/wp-content\/uploads\/2024\/01\/cropped-Rabe-3D-Engineering-100-pixels-Boutique.png","width":354,"height":79,"caption":"Boutique"},"image":{"@id":"https:\/\/boutique.rabe3d.com\/#\/schema\/logo\/image\/"},"sameAs":["https:\/\/web.facebook.com\/profile.php?id=61555242518659"]}]}},"_links":{"self":[{"href":"https:\/\/boutique.rabe3d.com\/index.php\/wp-json\/wp\/v2\/product\/1661","targetHints":{"allow":["GET"]}}],"collection":[{"href":"https:\/\/boutique.rabe3d.com\/index.php\/wp-json\/wp\/v2\/product"}],"about":[{"href":"https:\/\/boutique.rabe3d.com\/index.php\/wp-json\/wp\/v2\/types\/product"}],"replies":[{"embeddable":true,"href":"https:\/\/boutique.rabe3d.com\/index.php\/wp-json\/wp\/v2\/comments?post=1661"}],"wp:featuredmedia":[{"embeddable":true,"href":"https:\/\/boutique.rabe3d.com\/index.php\/wp-json\/wp\/v2\/media\/2953"}],"wp:attachment":[{"href":"https:\/\/boutique.rabe3d.com\/index.php\/wp-json\/wp\/v2\/media?parent=1661"}],"wp:term":[{"taxonomy":"product_brand","embeddable":true,"href":"https:\/\/boutique.rabe3d.com\/index.php\/wp-json\/wp\/v2\/product_brand?post=1661"},{"taxonomy":"product_cat","embeddable":true,"href":"https:\/\/boutique.rabe3d.com\/index.php\/wp-json\/wp\/v2\/product_cat?post=1661"},{"taxonomy":"product_tag","embeddable":true,"href":"https:\/\/boutique.rabe3d.com\/index.php\/wp-json\/wp\/v2\/product_tag?post=1661"}],"curies":[{"name":"wp","href":"https:\/\/api.w.org\/{rel}","templated":true}]}}