{"id":1737,"date":"2024-09-15T11:57:53","date_gmt":"2024-09-15T09:57:53","guid":{"rendered":"https:\/\/boutique.rabe3d.com\/?post_type=product&#038;p=1737"},"modified":"2025-10-30T04:32:07","modified_gmt":"2025-10-30T03:32:07","slug":"reservoir-gpl-1-000-l","status":"publish","type":"product","link":"https:\/\/boutique.rabe3d.com\/index.php\/produit\/reservoir-gpl-1-000-l\/","title":{"rendered":"R\u00e9servoir GPL 1 000 L Vertical"},"content":{"rendered":"<p>Dossier technique cl\u00e9 en main pour un r\u00e9servoir GPL vertical de 1 000 Litres. Incluant la note de calcul certifi\u00e9e et le dossier de fabrication d\u00e9taill\u00e9, ce PDF permet de <strong>mat\u00e9rialiser<\/strong> l\u2019\u00e9quipement et vous garantit conformit\u00e9 et gain de temps dans vos projets<\/p>\n<h2>Contenu du dossier PDF<\/h2>\n<ul>\n<li><strong>Note de calcul<\/strong> conforme au <em>CODAP Division 2<\/em> et \u00e0 la <em>Directive Europ\u00e9enne des \u00c9quipements sous Pression (DESP)<\/em>.<\/li>\n<li><strong>Dimensionnement de l\u2019appareil<\/strong> : pressions admissibles, temp\u00e9ratures de service et sur\u00e9paisseurs de corrosion.<\/li>\n<li><strong>Plan de soudage<\/strong> : proc\u00e9d\u00e9s, assemblages et sp\u00e9cifications techniques.<\/li>\n<li><strong>Contr\u00f4les Non Destructifs (CND)<\/strong> : contr\u00f4le de l\u2019int\u00e9grit\u00e9 des soudures et s\u00e9curit\u00e9 de l\u2019\u00e9quipement.<\/li>\n<li><strong>Dossier de fabrication<\/strong> : plans techniques d\u00e9taill\u00e9s, assemblages, nomenclature des composants.<\/li>\n<li>PDF de <strong>95 pages<\/strong> disponible imm\u00e9diatement apr\u00e8s achat, au format <strong>A4 <\/strong>.<\/li>\n<\/ul>\n<h2>\u00a0\u00c0 qui s\u2019adresse ce dossier ?<\/h2>\n<ul>\n<li><strong>Bureaux d\u2019\u00e9tudes<\/strong> : disposer de documents fiables pour leurs calculs et conceptions.<\/li>\n<li><strong>Fabricants et chaudronniers<\/strong> : acc\u00e9der aux plans et sp\u00e9cifications pr\u00eats \u00e0 l\u2019emploi.<\/li>\n<li><strong>Installateurs et exploitants<\/strong> : anticiper les exigences r\u00e9glementaires et garantir la conformit\u00e9.<\/li>\n<\/ul>\n<h2>Sp\u00e9cifications techniques principales<\/h2>\n<table>\n<tbody>\n<tr>\n<td><strong>Fluide<\/strong><\/td>\n<td>Propane, Propane-Butane<\/td>\n<\/tr>\n<tr>\n<td><strong>Capacit\u00e9<\/strong><\/td>\n<td>1 000 L (\u2248 425 Kg de Propane \u00e0 85 %)<\/td>\n<\/tr>\n<tr>\n<td><strong>Pression de service et de calcul<\/strong><\/td>\n<td>20 Bars<\/td>\n<\/tr>\n<tr>\n<td><strong>Pression d\u2019\u00e9preuve<\/strong><\/td>\n<td>28,6 Bars<\/td>\n<\/tr>\n<tr>\n<td><strong>Temp\u00e9rature de service<\/strong><\/td>\n<td>-20\u00b0C \u00e0 +50\u00b0C<\/td>\n<\/tr>\n<tr>\n<td><strong>Dimensions hors tout (L \u00d7 \u00d8 \u00d7 H)<\/strong><\/td>\n<td>1000 \u00d7 1000 \u00d7 1774 mm<\/td>\n<\/tr>\n<tr>\n<td><strong>Poids \u00e0 vide<\/strong><\/td>\n<td>342 Kg<\/td>\n<\/tr>\n<tr>\n<td><strong>Sur\u00e9paisseur de corrosion<\/strong><\/td>\n<td>1 mm<\/td>\n<\/tr>\n<tr>\n<td><strong>Coefficient de soudure<\/strong><\/td>\n<td>0,85<\/td>\n<\/tr>\n<tr>\n<td><strong>Marquage<\/strong><\/td>\n<td>CE<\/td>\n<\/tr>\n<\/tbody>\n<\/table>\n<h2>\u00a0Important<\/h2>\n<p>Ce produit n\u2019est <strong>pas un r\u00e9servoir physique<\/strong> mais un <strong>dossier technique complet en PDF (A4)<\/strong>,<br \/>\nincluant calculs, plans, dimensionnement, soudage et CND.<\/p>\n<p><!-- SEO --><\/p>\n","protected":false},"excerpt":{"rendered":"<p>Obtenez un <strong data-start=\"171\" data-end=\"200\">dossier technique complet<\/strong> pour <strong>mat\u00e9rialiser<\/strong> le r\u00e9servoir GPL vertical de <strong data-start=\"232\" data-end=\"243\">1 000 L<\/strong>.<br data-start=\"244\" data-end=\"247\" \/>Inclut la <strong data-start=\"257\" data-end=\"285\">note de calcul certifi\u00e9e<\/strong>, le <strong data-start=\"290\" data-end=\"318\">dimensionnement d\u00e9taill\u00e9<\/strong>, le <strong data-start=\"323\" data-end=\"342\">plan de soudage<\/strong> et le <strong data-start=\"349\" data-end=\"382\" data-is-only-node=\"\">contr\u00f4le non destructif (CND)<\/strong>.<br data-start=\"383\" data-end=\"386\" \/>Un PDF pr\u00eat \u00e0 l\u2019emploi (A4) pour vos projets industriels et installations professionnelles.<\/p>\n<table style=\"height: 189px; width: 100%; border-collapse: collapse; background-color: #f9f9f9; border-radius: 6px; padding: 5px; border-color: #f9f9f9;\" cellpadding=\"3px 0px\">\n<tbody>\n<tr style=\"height: 44px;\">\n<td style=\"width: 40px; text-align: center; vertical-align: middle; padding: 3px 0px; height: 44px;\"><img decoding=\"async\" class=\"alignnone wp-image-2883\" src=\"https:\/\/boutique.rabe3d.com\/wp-content\/uploads\/2025\/07\/Dossiers-techniques-3-Sans-fond-284x300.png\" alt=\"\" width=\"42\" height=\"45\" srcset=\"https:\/\/boutique.rabe3d.com\/wp-content\/uploads\/2025\/07\/Dossiers-techniques-3-Sans-fond-284x300.png 284w, https:\/\/boutique.rabe3d.com\/wp-content\/uploads\/2025\/07\/Dossiers-techniques-3-Sans-fond.png 308w\" sizes=\"(max-width: 42px) 100vw, 42px\" \/><\/td>\n<td style=\"vertical-align: middle; padding: 3px 0px; height: 44px;\">Dossier techniques : <strong>Note de calcul &amp; Dossier de fabrication<\/strong><\/td>\n<\/tr>\n<tr style=\"height: 49px;\">\n<td style=\"text-align: center; vertical-align: middle; padding: 3px 0px; height: 49px;\"><img decoding=\"async\" class=\"alignnone wp-image-2878\" src=\"https:\/\/boutique.rabe3d.com\/wp-content\/uploads\/2025\/08\/Logo-PDF-sans-fond-291x300.png\" alt=\"\" width=\"50\" height=\"52\" srcset=\"https:\/\/boutique.rabe3d.com\/wp-content\/uploads\/2025\/08\/Logo-PDF-sans-fond-291x300.png 291w, https:\/\/boutique.rabe3d.com\/wp-content\/uploads\/2025\/08\/Logo-PDF-sans-fond.png 403w\" sizes=\"(max-width: 50px) 100vw, 50px\" \/><\/td>\n<td style=\"vertical-align: middle; padding: 3px 0px; height: 49px;\">Format : <strong>PDF<\/strong><\/td>\n<\/tr>\n<tr style=\"height: 48px;\">\n<td style=\"text-align: center; vertical-align: middle; padding: 3px 0px; height: 48px;\"><img decoding=\"async\" class=\"alignnone wp-image-2884\" src=\"https:\/\/boutique.rabe3d.com\/wp-content\/uploads\/2025\/07\/Impression-sans-fond-281x300.png\" alt=\"\" width=\"44\" height=\"47\" srcset=\"https:\/\/boutique.rabe3d.com\/wp-content\/uploads\/2025\/07\/Impression-sans-fond-281x300.png 281w, https:\/\/boutique.rabe3d.com\/wp-content\/uploads\/2025\/07\/Impression-sans-fond.png 346w\" sizes=\"(max-width: 44px) 100vw, 44px\" \/><\/td>\n<td style=\"vertical-align: middle; padding: 3px 0px; height: 48px;\">Impression : <strong>A4\u00a0<\/strong><\/td>\n<\/tr>\n<tr style=\"height: 48px;\">\n<td style=\"text-align: center; vertical-align: middle; padding: 3px 0px; height: 48px;\"><img loading=\"lazy\" decoding=\"async\" class=\"alignnone size-medium wp-image-2885\" src=\"https:\/\/boutique.rabe3d.com\/wp-content\/uploads\/2025\/07\/Telechargement-1-sans-fonds-281x300.png\" alt=\"\" width=\"281\" height=\"300\" srcset=\"https:\/\/boutique.rabe3d.com\/wp-content\/uploads\/2025\/07\/Telechargement-1-sans-fonds-281x300.png 281w, https:\/\/boutique.rabe3d.com\/wp-content\/uploads\/2025\/07\/Telechargement-1-sans-fonds.png 346w\" sizes=\"(max-width: 281px) 100vw, 281px\" \/><\/td>\n<td style=\"vertical-align: middle; padding: 3px 0px; height: 48px;\">T\u00e9l\u00e9chargement imm\u00e9diat : <strong>95\u00a0pages<\/strong><\/td>\n<\/tr>\n<\/tbody>\n<\/table>\n","protected":false},"featured_media":2944,"comment_status":"open","ping_status":"closed","template":"","meta":{"ocean_post_layout":"","ocean_both_sidebars_style":"","ocean_both_sidebars_content_width":0,"ocean_both_sidebars_sidebars_width":0,"ocean_sidebar":"0","ocean_second_sidebar":"0","ocean_disable_margins":"enable","ocean_add_body_class":"","ocean_shortcode_before_top_bar":"","ocean_shortcode_after_top_bar":"","ocean_shortcode_before_header":"","ocean_shortcode_after_header":"","ocean_has_shortcode":"","ocean_shortcode_after_title":"","ocean_shortcode_before_footer_widgets":"","ocean_shortcode_after_footer_widgets":"","ocean_shortcode_before_footer_bottom":"","ocean_shortcode_after_footer_bottom":"","ocean_display_top_bar":"default","ocean_display_header":"default","ocean_header_style":"","ocean_center_header_left_menu":"0","ocean_custom_header_template":"0","ocean_custom_logo":0,"ocean_custom_retina_logo":0,"ocean_custom_logo_max_width":0,"ocean_custom_logo_tablet_max_width":0,"ocean_custom_logo_mobile_max_width":0,"ocean_custom_logo_max_height":0,"ocean_custom_logo_tablet_max_height":0,"ocean_custom_logo_mobile_max_height":0,"ocean_header_custom_menu":"0","ocean_menu_typo_font_family":"0","ocean_menu_typo_font_subset":"","ocean_menu_typo_font_size":0,"ocean_menu_typo_font_size_tablet":0,"ocean_menu_typo_font_size_mobile":0,"ocean_menu_typo_font_size_unit":"px","ocean_menu_typo_font_weight":"","ocean_menu_typo_font_weight_tablet":"","ocean_menu_typo_font_weight_mobile":"","ocean_menu_typo_transform":"","ocean_menu_typo_transform_tablet":"","ocean_menu_typo_transform_mobile":"","ocean_menu_typo_line_height":0,"ocean_menu_typo_line_height_tablet":0,"ocean_menu_typo_line_height_mobile":0,"ocean_menu_typo_line_height_unit":"","ocean_menu_typo_spacing":0,"ocean_menu_typo_spacing_tablet":0,"ocean_menu_typo_spacing_mobile":0,"ocean_menu_typo_spacing_unit":"","ocean_menu_link_color":"","ocean_menu_link_color_hover":"","ocean_menu_link_color_active":"","ocean_menu_link_background":"","ocean_menu_link_hover_background":"","ocean_menu_link_active_background":"","ocean_menu_social_links_bg":"","ocean_menu_social_hover_links_bg":"","ocean_menu_social_links_color":"","ocean_menu_social_hover_links_color":"","ocean_disable_title":"default","ocean_disable_heading":"default","ocean_post_title":"","ocean_post_subheading":"Note de calcul et dossier de fabrication","ocean_post_title_style":"","ocean_post_title_background_color":"#ff9800","ocean_post_title_background":0,"ocean_post_title_bg_image_position":"","ocean_post_title_bg_image_attachment":"","ocean_post_title_bg_image_repeat":"","ocean_post_title_bg_image_size":"","ocean_post_title_height":0,"ocean_post_title_bg_overlay":0.5,"ocean_post_title_bg_overlay_color":"","ocean_disable_breadcrumbs":"default","ocean_breadcrumbs_color":"","ocean_breadcrumbs_separator_color":"","ocean_breadcrumbs_links_color":"","ocean_breadcrumbs_links_hover_color":"","ocean_display_footer_widgets":"default","ocean_display_footer_bottom":"default","ocean_custom_footer_template":"0"},"product_brand":[],"product_cat":[95,104,96,71,73],"product_tag":[103],"class_list":{"0":"post-1737","1":"product","2":"type-product","3":"status-publish","4":"has-post-thumbnail","6":"product_cat-capacite","7":"product_cat-moins-dune-tonne","8":"product_cat-propane-stocke-85","9":"product_cat-reservoirs-gpl","10":"product_cat-reservoirs-verticaux","11":"product_tag-1000-l","13":"entry","14":"has-media","16":"first","17":"instock","18":"downloadable","19":"taxable","20":"shipping-taxable","21":"purchasable","22":"product-type-simple","23":"add-to-wishlist-before_image","24":"has-product-nav","25":"col","26":"span_1_of_3","27":"owp-content-center","28":"owp-thumbs-layout-vertical","29":"owp-btn-normal","30":"owp-tabs-layout-horizontal"},"yoast_head":"<!-- This site is optimized with the Yoast SEO plugin v26.6 - https:\/\/yoast.com\/wordpress\/plugins\/seo\/ -->\n<title>R\u00e9servoir GPL 1 000 L Vertical \u2013 Dossier technique PDF<\/title>\n<meta name=\"description\" content=\"T\u00e9l\u00e9chargez le dossier technique du r\u00e9servoir GPL 1 000 L Vertical : note de calcul, dimensionnement, plan de soudage et dossier de fabrication en PDF A4\/A3\" \/>\n<meta name=\"robots\" content=\"index, follow, max-snippet:-1, max-image-preview:large, max-video-preview:-1\" \/>\n<link rel=\"canonical\" href=\"https:\/\/boutique.rabe3d.com\/index.php\/produit\/reservoir-gpl-1-000-l\/\" \/>\n<meta property=\"og:locale\" content=\"fr_FR\" \/>\n<meta property=\"og:type\" content=\"article\" \/>\n<meta property=\"og:title\" content=\"R\u00e9servoir GPL 1 000 L Vertical \u2013 Dossier technique PDF\" \/>\n<meta property=\"og:description\" content=\"T\u00e9l\u00e9chargez le dossier technique du r\u00e9servoir GPL 1 000 L Vertical : note de calcul, dimensionnement, plan de soudage et dossier de fabrication en PDF A4\/A3\" \/>\n<meta property=\"og:url\" content=\"https:\/\/boutique.rabe3d.com\/index.php\/produit\/reservoir-gpl-1-000-l\/\" \/>\n<meta property=\"og:site_name\" content=\"Boutique Dossiers PDF\" \/>\n<meta property=\"article:publisher\" content=\"https:\/\/web.facebook.com\/profile.php?id=61555242518659\" \/>\n<meta property=\"article:modified_time\" content=\"2025-10-30T03:32:07+00:00\" \/>\n<meta property=\"og:image\" content=\"https:\/\/boutique.rabe3d.com\/wp-content\/uploads\/2024\/09\/reservoir-gpl-vertical-1000-l.png\" \/>\n\t<meta property=\"og:image:width\" content=\"800\" \/>\n\t<meta property=\"og:image:height\" content=\"800\" \/>\n\t<meta property=\"og:image:type\" content=\"image\/png\" \/>\n<meta name=\"twitter:card\" content=\"summary_large_image\" \/>\n<meta name=\"twitter:label1\" content=\"Dur\u00e9e de lecture estim\u00e9e\" \/>\n\t<meta name=\"twitter:data1\" content=\"2 minutes\" \/>\n<script type=\"application\/ld+json\" class=\"yoast-schema-graph\">{\"@context\":\"https:\/\/schema.org\",\"@graph\":[{\"@type\":\"WebPage\",\"@id\":\"https:\/\/boutique.rabe3d.com\/index.php\/produit\/reservoir-gpl-1-000-l\/\",\"url\":\"https:\/\/boutique.rabe3d.com\/index.php\/produit\/reservoir-gpl-1-000-l\/\",\"name\":\"R\u00e9servoir GPL 1 000 L Vertical \u2013 Dossier technique PDF\",\"isPartOf\":{\"@id\":\"https:\/\/boutique.rabe3d.com\/#website\"},\"primaryImageOfPage\":{\"@id\":\"https:\/\/boutique.rabe3d.com\/index.php\/produit\/reservoir-gpl-1-000-l\/#primaryimage\"},\"image\":{\"@id\":\"https:\/\/boutique.rabe3d.com\/index.php\/produit\/reservoir-gpl-1-000-l\/#primaryimage\"},\"thumbnailUrl\":\"https:\/\/boutique.rabe3d.com\/wp-content\/uploads\/2024\/09\/reservoir-gpl-vertical-1000-l.png\",\"datePublished\":\"2024-09-15T09:57:53+00:00\",\"dateModified\":\"2025-10-30T03:32:07+00:00\",\"description\":\"T\u00e9l\u00e9chargez le dossier technique du r\u00e9servoir GPL 1 000 L Vertical : note de calcul, dimensionnement, plan de soudage et dossier de fabrication en PDF A4\/A3\",\"breadcrumb\":{\"@id\":\"https:\/\/boutique.rabe3d.com\/index.php\/produit\/reservoir-gpl-1-000-l\/#breadcrumb\"},\"inLanguage\":\"fr-FR\",\"potentialAction\":[{\"@type\":\"ReadAction\",\"target\":[\"https:\/\/boutique.rabe3d.com\/index.php\/produit\/reservoir-gpl-1-000-l\/\"]}]},{\"@type\":\"ImageObject\",\"inLanguage\":\"fr-FR\",\"@id\":\"https:\/\/boutique.rabe3d.com\/index.php\/produit\/reservoir-gpl-1-000-l\/#primaryimage\",\"url\":\"https:\/\/boutique.rabe3d.com\/wp-content\/uploads\/2024\/09\/reservoir-gpl-vertical-1000-l.png\",\"contentUrl\":\"https:\/\/boutique.rabe3d.com\/wp-content\/uploads\/2024\/09\/reservoir-gpl-vertical-1000-l.png\",\"width\":800,\"height\":800,\"caption\":\"R\u00e9servoir GPL 1000 L\"},{\"@type\":\"BreadcrumbList\",\"@id\":\"https:\/\/boutique.rabe3d.com\/index.php\/produit\/reservoir-gpl-1-000-l\/#breadcrumb\",\"itemListElement\":[{\"@type\":\"ListItem\",\"position\":1,\"name\":\"Accueil\",\"item\":\"https:\/\/boutique.rabe3d.com\/\"},{\"@type\":\"ListItem\",\"position\":2,\"name\":\"Boutique\",\"item\":\"https:\/\/boutique.rabe3d.com\/index.php\/boutique-2\/\"},{\"@type\":\"ListItem\",\"position\":3,\"name\":\"R\u00e9servoir GPL 1 000 L Vertical\"}]},{\"@type\":\"WebSite\",\"@id\":\"https:\/\/boutique.rabe3d.com\/#website\",\"url\":\"https:\/\/boutique.rabe3d.com\/\",\"name\":\"Boutique\",\"description\":\"\u00c9tudes m\u00e9caniques cl\u00e9 en main \u2014 vos notes de calcul et dossiers fabrication en PDF.\",\"publisher\":{\"@id\":\"https:\/\/boutique.rabe3d.com\/#organization\"},\"potentialAction\":[{\"@type\":\"SearchAction\",\"target\":{\"@type\":\"EntryPoint\",\"urlTemplate\":\"https:\/\/boutique.rabe3d.com\/?s={search_term_string}\"},\"query-input\":{\"@type\":\"PropertyValueSpecification\",\"valueRequired\":true,\"valueName\":\"search_term_string\"}}],\"inLanguage\":\"fr-FR\"},{\"@type\":\"Organization\",\"@id\":\"https:\/\/boutique.rabe3d.com\/#organization\",\"name\":\"Boutique\",\"url\":\"https:\/\/boutique.rabe3d.com\/\",\"logo\":{\"@type\":\"ImageObject\",\"inLanguage\":\"fr-FR\",\"@id\":\"https:\/\/boutique.rabe3d.com\/#\/schema\/logo\/image\/\",\"url\":\"https:\/\/boutique.rabe3d.com\/wp-content\/uploads\/2024\/01\/cropped-Rabe-3D-Engineering-100-pixels-Boutique.png\",\"contentUrl\":\"https:\/\/boutique.rabe3d.com\/wp-content\/uploads\/2024\/01\/cropped-Rabe-3D-Engineering-100-pixels-Boutique.png\",\"width\":354,\"height\":79,\"caption\":\"Boutique\"},\"image\":{\"@id\":\"https:\/\/boutique.rabe3d.com\/#\/schema\/logo\/image\/\"},\"sameAs\":[\"https:\/\/web.facebook.com\/profile.php?id=61555242518659\"]}]}<\/script>\n<!-- \/ Yoast SEO plugin. -->","yoast_head_json":{"title":"R\u00e9servoir GPL 1 000 L Vertical \u2013 Dossier technique PDF","description":"T\u00e9l\u00e9chargez le dossier technique du r\u00e9servoir GPL 1 000 L Vertical : note de calcul, dimensionnement, plan de soudage et dossier de fabrication en PDF A4\/A3","robots":{"index":"index","follow":"follow","max-snippet":"max-snippet:-1","max-image-preview":"max-image-preview:large","max-video-preview":"max-video-preview:-1"},"canonical":"https:\/\/boutique.rabe3d.com\/index.php\/produit\/reservoir-gpl-1-000-l\/","og_locale":"fr_FR","og_type":"article","og_title":"R\u00e9servoir GPL 1 000 L Vertical \u2013 Dossier technique PDF","og_description":"T\u00e9l\u00e9chargez le dossier technique du r\u00e9servoir GPL 1 000 L Vertical : note de calcul, dimensionnement, plan de soudage et dossier de fabrication en PDF A4\/A3","og_url":"https:\/\/boutique.rabe3d.com\/index.php\/produit\/reservoir-gpl-1-000-l\/","og_site_name":"Boutique Dossiers PDF","article_publisher":"https:\/\/web.facebook.com\/profile.php?id=61555242518659","article_modified_time":"2025-10-30T03:32:07+00:00","og_image":[{"width":800,"height":800,"url":"https:\/\/boutique.rabe3d.com\/wp-content\/uploads\/2024\/09\/reservoir-gpl-vertical-1000-l.png","type":"image\/png"}],"twitter_card":"summary_large_image","twitter_misc":{"Dur\u00e9e de lecture estim\u00e9e":"2 minutes"},"schema":{"@context":"https:\/\/schema.org","@graph":[{"@type":"WebPage","@id":"https:\/\/boutique.rabe3d.com\/index.php\/produit\/reservoir-gpl-1-000-l\/","url":"https:\/\/boutique.rabe3d.com\/index.php\/produit\/reservoir-gpl-1-000-l\/","name":"R\u00e9servoir GPL 1 000 L Vertical \u2013 Dossier technique PDF","isPartOf":{"@id":"https:\/\/boutique.rabe3d.com\/#website"},"primaryImageOfPage":{"@id":"https:\/\/boutique.rabe3d.com\/index.php\/produit\/reservoir-gpl-1-000-l\/#primaryimage"},"image":{"@id":"https:\/\/boutique.rabe3d.com\/index.php\/produit\/reservoir-gpl-1-000-l\/#primaryimage"},"thumbnailUrl":"https:\/\/boutique.rabe3d.com\/wp-content\/uploads\/2024\/09\/reservoir-gpl-vertical-1000-l.png","datePublished":"2024-09-15T09:57:53+00:00","dateModified":"2025-10-30T03:32:07+00:00","description":"T\u00e9l\u00e9chargez le dossier technique du r\u00e9servoir GPL 1 000 L Vertical : note de calcul, dimensionnement, plan de soudage et dossier de fabrication en PDF A4\/A3","breadcrumb":{"@id":"https:\/\/boutique.rabe3d.com\/index.php\/produit\/reservoir-gpl-1-000-l\/#breadcrumb"},"inLanguage":"fr-FR","potentialAction":[{"@type":"ReadAction","target":["https:\/\/boutique.rabe3d.com\/index.php\/produit\/reservoir-gpl-1-000-l\/"]}]},{"@type":"ImageObject","inLanguage":"fr-FR","@id":"https:\/\/boutique.rabe3d.com\/index.php\/produit\/reservoir-gpl-1-000-l\/#primaryimage","url":"https:\/\/boutique.rabe3d.com\/wp-content\/uploads\/2024\/09\/reservoir-gpl-vertical-1000-l.png","contentUrl":"https:\/\/boutique.rabe3d.com\/wp-content\/uploads\/2024\/09\/reservoir-gpl-vertical-1000-l.png","width":800,"height":800,"caption":"R\u00e9servoir GPL 1000 L"},{"@type":"BreadcrumbList","@id":"https:\/\/boutique.rabe3d.com\/index.php\/produit\/reservoir-gpl-1-000-l\/#breadcrumb","itemListElement":[{"@type":"ListItem","position":1,"name":"Accueil","item":"https:\/\/boutique.rabe3d.com\/"},{"@type":"ListItem","position":2,"name":"Boutique","item":"https:\/\/boutique.rabe3d.com\/index.php\/boutique-2\/"},{"@type":"ListItem","position":3,"name":"R\u00e9servoir GPL 1 000 L Vertical"}]},{"@type":"WebSite","@id":"https:\/\/boutique.rabe3d.com\/#website","url":"https:\/\/boutique.rabe3d.com\/","name":"Boutique","description":"\u00c9tudes m\u00e9caniques cl\u00e9 en main \u2014 vos notes de calcul et dossiers fabrication en PDF.","publisher":{"@id":"https:\/\/boutique.rabe3d.com\/#organization"},"potentialAction":[{"@type":"SearchAction","target":{"@type":"EntryPoint","urlTemplate":"https:\/\/boutique.rabe3d.com\/?s={search_term_string}"},"query-input":{"@type":"PropertyValueSpecification","valueRequired":true,"valueName":"search_term_string"}}],"inLanguage":"fr-FR"},{"@type":"Organization","@id":"https:\/\/boutique.rabe3d.com\/#organization","name":"Boutique","url":"https:\/\/boutique.rabe3d.com\/","logo":{"@type":"ImageObject","inLanguage":"fr-FR","@id":"https:\/\/boutique.rabe3d.com\/#\/schema\/logo\/image\/","url":"https:\/\/boutique.rabe3d.com\/wp-content\/uploads\/2024\/01\/cropped-Rabe-3D-Engineering-100-pixels-Boutique.png","contentUrl":"https:\/\/boutique.rabe3d.com\/wp-content\/uploads\/2024\/01\/cropped-Rabe-3D-Engineering-100-pixels-Boutique.png","width":354,"height":79,"caption":"Boutique"},"image":{"@id":"https:\/\/boutique.rabe3d.com\/#\/schema\/logo\/image\/"},"sameAs":["https:\/\/web.facebook.com\/profile.php?id=61555242518659"]}]}},"_links":{"self":[{"href":"https:\/\/boutique.rabe3d.com\/index.php\/wp-json\/wp\/v2\/product\/1737","targetHints":{"allow":["GET"]}}],"collection":[{"href":"https:\/\/boutique.rabe3d.com\/index.php\/wp-json\/wp\/v2\/product"}],"about":[{"href":"https:\/\/boutique.rabe3d.com\/index.php\/wp-json\/wp\/v2\/types\/product"}],"replies":[{"embeddable":true,"href":"https:\/\/boutique.rabe3d.com\/index.php\/wp-json\/wp\/v2\/comments?post=1737"}],"wp:featuredmedia":[{"embeddable":true,"href":"https:\/\/boutique.rabe3d.com\/index.php\/wp-json\/wp\/v2\/media\/2944"}],"wp:attachment":[{"href":"https:\/\/boutique.rabe3d.com\/index.php\/wp-json\/wp\/v2\/media?parent=1737"}],"wp:term":[{"taxonomy":"product_brand","embeddable":true,"href":"https:\/\/boutique.rabe3d.com\/index.php\/wp-json\/wp\/v2\/product_brand?post=1737"},{"taxonomy":"product_cat","embeddable":true,"href":"https:\/\/boutique.rabe3d.com\/index.php\/wp-json\/wp\/v2\/product_cat?post=1737"},{"taxonomy":"product_tag","embeddable":true,"href":"https:\/\/boutique.rabe3d.com\/index.php\/wp-json\/wp\/v2\/product_tag?post=1737"}],"curies":[{"name":"wp","href":"https:\/\/api.w.org\/{rel}","templated":true}]}}