{"id":2706,"date":"2025-06-07T01:51:48","date_gmt":"2025-06-06T23:51:48","guid":{"rendered":"https:\/\/boutique.rabe3d.com\/?post_type=product&#038;p=2706"},"modified":"2025-09-26T14:29:53","modified_gmt":"2025-09-26T12:29:53","slug":"charpente-parking-10x15m-12-vehicules-modele-a","status":"publish","type":"product","link":"https:\/\/boutique.rabe3d.com\/index.php\/produit\/charpente-parking-10x15m-12-vehicules-modele-a\/","title":{"rendered":"Charpente parking 10x15m \u2013 12 v\u00e9hicules \u2013 Mod\u00e8le A"},"content":{"rendered":"<h2>Charpente parking 10x15m \u2013 12 v\u00e9hicules \u2013 Mod\u00e8le A<\/h2>\n<p>La <strong>charpente m\u00e9tallique Mod\u00e8le A<\/strong>\u00a0se distingue par ses <strong>poteaux droits<\/strong>, garantissant une conception robuste, simple \u00e0 fabriquer et \u00e9conomique. Conforme aux normes <strong>EUROCODE<\/strong>, elle permet d\u2019abriter 12 voitures.<\/p>\n<h3>Caract\u00e9ristiques principales<\/h3>\n<ul>\n<li><strong>Dimensions :<\/strong> 15 m x 10 m<\/li>\n<li><strong>Capacit\u00e9 :<\/strong> 12 places de stationnement<\/li>\n<li><strong>Hauteur minimale :<\/strong> 2,40 m<\/li>\n<li><strong>Pente du toit :<\/strong> 6\u00b0 (monopente)<\/li>\n<li><strong>Mat\u00e9riau :<\/strong> Acier S235<\/li>\n<li><strong>Poids total :<\/strong> 6 254,4 kg<\/li>\n<li><strong>Norme :<\/strong> EUROCODE\n<ul>\n<li><strong>Documents :<\/strong> <em>note de calcul structure m\u00e9tallique<\/em>, <em>dossier de fabrication<\/em>, <em>plans m\u00e9talliques ( 169 pages).<\/em><\/li>\n<\/ul>\n<\/li>\n<\/ul>\n<h3>Documents inclus dans le t\u00e9l\u00e9chargement<\/h3>\n<p>\u2705 <strong>Note de calcul structure m\u00e9tallique<\/strong> \u2013 Calculs EUROCODE &#8211; V\u00e9rifications compl\u00e8tes (PDF format A4) incluant les calculs de la fondation &#8211; 58 pages.<br \/>\n\u2705 <strong>Plans de fabrication m\u00e9tallique<\/strong> \u2013Plans cot\u00e9s &#8211; Nomenclature &#8211; d\u00e9tails d\u2019assemblage, vues 3D et dessins techniques (PDF formats A3 &amp; A4) &#8211; 111 pages.<\/p>\n<h3>Avantages<\/h3>\n<ul>\n<li>Gain de temps : dossier pr\u00eat \u00e0 l\u2019emploi pour atelier et chantier<\/li>\n<li>Conformit\u00e9 garantie : calculs et assemblages valid\u00e9s Eurocode<\/li>\n<li>R\u00e9duction des co\u00fbts par rapport \u00e0 une \u00e9tude sur-mesure<\/li>\n<\/ul>\n<h3>Applications<\/h3>\n<ul>\n<li>Parkings industriels et collectifs<\/li>\n<li><strong>Assemblage de charpente m\u00e9tallique<\/strong> pour abris v\u00e9hicules<\/li>\n<li><strong>Plan de hangar m\u00e9tallique<\/strong> et structures de stockage<\/li>\n<\/ul>\n<h3>FAQ<\/h3>\n<p><strong>Le dossier inclut-il les d\u00e9tails d\u2019assemblage ?<\/strong><br \/>\n\ud83d\udc49 Oui, les <strong>d\u00e9tails d\u2019assemblage de la charpente m\u00e9tallique<\/strong> sont fournis dans le PDF.<\/p>\n<p><strong>Peut-on utiliser ces plans pour un hangar m\u00e9tallique ?<\/strong><br \/>\n\ud83d\udc49 Oui, les <strong>plans de fabrication m\u00e9tallique<\/strong> peuvent servir de base \u00e0 un <strong>plan de hangar m\u00e9tallique<\/strong>.<\/p>\n<h3>FAQ<\/h3>\n<p><strong>Quels documents vais-je recevoir apr\u00e8s achat ?<\/strong><br \/>\n\ud83d\udc49 Vous recevez imm\u00e9diatement la <strong>note de calcul (PDF A4)<\/strong> et le <strong>dossier de fabrication (plans de fabrication m\u00e9tallique et d\u00e9tails d\u2019assemblage en PDF A3 &amp; A4)<\/strong>.<\/p>\n<p><strong>Est-ce que la charpente est livr\u00e9e physiquement ?<\/strong><br \/>\n\ud83d\udc49 Non. Vous recevez uniquement les <strong>documents techniques num\u00e9riques<\/strong> (note de calcul + dossier de fabrication). Ces fichiers sont pr\u00eats \u00e0 \u00eatre utilis\u00e9s par votre atelier ou fournisseur pour fabriquer la structure.<\/p>\n<p><strong>Est-ce que les plans de fabrication sont adapt\u00e9s \u00e0 la construction m\u00e9tallique ?<\/strong><br \/>\n\ud83d\udc49 Oui, tous les plans sont r\u00e9alis\u00e9s pour la <strong>construction m\u00e9tallique<\/strong>, avec des <strong>d\u00e9tails d\u2019assemblage pr\u00e9cis<\/strong>. Ils sont fournis au format <strong>PDF A3 &amp; A4<\/strong>, lisibles et exploitables directement par un atelier.<\/p>\n<p><strong>Est-ce conforme aux normes Eurocode ?<\/strong><br \/>\n\ud83d\udc49 Oui, la <strong>note de calcul structure m\u00e9tallique<\/strong> est r\u00e9alis\u00e9e conform\u00e9ment aux <strong>normes Eurocode<\/strong>, garantissant la s\u00e9curit\u00e9 et la conformit\u00e9 de la charpente.<\/p>\n","protected":false},"excerpt":{"rendered":"<p><strong>Charpente parking 10x15m \u2013 12 v\u00e9hicules \u2013 Mod\u00e8le A<\/strong><\/p>\n<p>Structure \u00e0 <strong>poteaux droits<\/strong>, robuste et \u00e9conomique.\u00a0<strong>Dossier complet \u00e0 t\u00e9l\u00e9charger :<\/strong> plans de fabrication m\u00e9tallique et note de calcul Eurocode pour une charpente parking 10x15m \u2013 12 v\u00e9hicules. Fichiers PDF pr\u00eats \u00e0 l\u2019emploi pour atelier et chantier.<\/p>\n<table style=\"width: 100%; border-collapse: collapse; background-color: #f9f9f9; border-radius: 6px; padding: 5px; height: 189px;\">\n<tbody>\n<tr style=\"height: 44px;\">\n<td style=\"width: 40px; text-align: center; vertical-align: middle; padding: 3px 0px; height: 44px;\"><img decoding=\"async\" class=\"alignnone wp-image-2883\" src=\"https:\/\/boutique.rabe3d.com\/wp-content\/uploads\/2025\/07\/Dossiers-techniques-3-Sans-fond-284x300.png\" alt=\"\" width=\"42\" height=\"45\" srcset=\"https:\/\/boutique.rabe3d.com\/wp-content\/uploads\/2025\/07\/Dossiers-techniques-3-Sans-fond-284x300.png 284w, https:\/\/boutique.rabe3d.com\/wp-content\/uploads\/2025\/07\/Dossiers-techniques-3-Sans-fond.png 308w\" sizes=\"(max-width: 42px) 100vw, 42px\" \/><\/td>\n<td style=\"vertical-align: middle; padding: 3px 0px; height: 44px;\">Dossier techniques : <strong>Note de calcul &amp; Dossier de fabrication<\/strong><\/td>\n<\/tr>\n<tr style=\"height: 49px;\">\n<td style=\"text-align: center; vertical-align: middle; padding: 3px 0px; height: 49px;\"><img decoding=\"async\" class=\"alignnone wp-image-2878\" src=\"https:\/\/boutique.rabe3d.com\/wp-content\/uploads\/2025\/08\/Logo-PDF-sans-fond-291x300.png\" alt=\"\" width=\"50\" height=\"52\" srcset=\"https:\/\/boutique.rabe3d.com\/wp-content\/uploads\/2025\/08\/Logo-PDF-sans-fond-291x300.png 291w, https:\/\/boutique.rabe3d.com\/wp-content\/uploads\/2025\/08\/Logo-PDF-sans-fond.png 403w\" sizes=\"(max-width: 50px) 100vw, 50px\" \/><\/td>\n<td style=\"vertical-align: middle; padding: 3px 0px; height: 49px;\">Format : <strong>PDF<\/strong><\/td>\n<\/tr>\n<tr style=\"height: 48px;\">\n<td style=\"text-align: center; vertical-align: middle; padding: 3px 0px; height: 48px;\"><img decoding=\"async\" class=\"alignnone wp-image-2884\" src=\"https:\/\/boutique.rabe3d.com\/wp-content\/uploads\/2025\/07\/Impression-sans-fond-281x300.png\" alt=\"\" width=\"44\" height=\"47\" srcset=\"https:\/\/boutique.rabe3d.com\/wp-content\/uploads\/2025\/07\/Impression-sans-fond-281x300.png 281w, https:\/\/boutique.rabe3d.com\/wp-content\/uploads\/2025\/07\/Impression-sans-fond.png 346w\" sizes=\"(max-width: 44px) 100vw, 44px\" \/><\/td>\n<td style=\"vertical-align: middle; padding: 3px 0px; height: 48px;\">Impression : <strong>A3 &amp; A4<\/strong><\/td>\n<\/tr>\n<tr style=\"height: 48px;\">\n<td style=\"text-align: center; vertical-align: middle; padding: 3px 0px; height: 48px;\"><img loading=\"lazy\" decoding=\"async\" class=\"alignnone size-medium wp-image-2885\" src=\"https:\/\/boutique.rabe3d.com\/wp-content\/uploads\/2025\/07\/Telechargement-1-sans-fonds-281x300.png\" alt=\"\" width=\"281\" height=\"300\" srcset=\"https:\/\/boutique.rabe3d.com\/wp-content\/uploads\/2025\/07\/Telechargement-1-sans-fonds-281x300.png 281w, https:\/\/boutique.rabe3d.com\/wp-content\/uploads\/2025\/07\/Telechargement-1-sans-fonds.png 346w\" sizes=\"(max-width: 281px) 100vw, 281px\" \/><\/td>\n<td style=\"vertical-align: middle; padding: 3px 0px; height: 48px;\">T\u00e9l\u00e9chargement imm\u00e9diat : <strong>169\u00a0pages<\/strong><\/td>\n<\/tr>\n<\/tbody>\n<\/table>\n","protected":false},"featured_media":2812,"comment_status":"open","ping_status":"closed","template":"","meta":{"ocean_post_layout":"","ocean_both_sidebars_style":"","ocean_both_sidebars_content_width":0,"ocean_both_sidebars_sidebars_width":0,"ocean_sidebar":"","ocean_second_sidebar":"","ocean_disable_margins":"enable","ocean_add_body_class":"","ocean_shortcode_before_top_bar":"","ocean_shortcode_after_top_bar":"","ocean_shortcode_before_header":"","ocean_shortcode_after_header":"","ocean_has_shortcode":"","ocean_shortcode_after_title":"","ocean_shortcode_before_footer_widgets":"","ocean_shortcode_after_footer_widgets":"","ocean_shortcode_before_footer_bottom":"","ocean_shortcode_after_footer_bottom":"","ocean_display_top_bar":"default","ocean_display_header":"default","ocean_header_style":"","ocean_center_header_left_menu":"","ocean_custom_header_template":"","ocean_custom_logo":0,"ocean_custom_retina_logo":0,"ocean_custom_logo_max_width":0,"ocean_custom_logo_tablet_max_width":0,"ocean_custom_logo_mobile_max_width":0,"ocean_custom_logo_max_height":0,"ocean_custom_logo_tablet_max_height":0,"ocean_custom_logo_mobile_max_height":0,"ocean_header_custom_menu":"","ocean_menu_typo_font_family":"","ocean_menu_typo_font_subset":"","ocean_menu_typo_font_size":0,"ocean_menu_typo_font_size_tablet":0,"ocean_menu_typo_font_size_mobile":0,"ocean_menu_typo_font_size_unit":"px","ocean_menu_typo_font_weight":"","ocean_menu_typo_font_weight_tablet":"","ocean_menu_typo_font_weight_mobile":"","ocean_menu_typo_transform":"","ocean_menu_typo_transform_tablet":"","ocean_menu_typo_transform_mobile":"","ocean_menu_typo_line_height":0,"ocean_menu_typo_line_height_tablet":0,"ocean_menu_typo_line_height_mobile":0,"ocean_menu_typo_line_height_unit":"","ocean_menu_typo_spacing":0,"ocean_menu_typo_spacing_tablet":0,"ocean_menu_typo_spacing_mobile":0,"ocean_menu_typo_spacing_unit":"","ocean_menu_link_color":"","ocean_menu_link_color_hover":"","ocean_menu_link_color_active":"","ocean_menu_link_background":"","ocean_menu_link_hover_background":"","ocean_menu_link_active_background":"","ocean_menu_social_links_bg":"","ocean_menu_social_hover_links_bg":"","ocean_menu_social_links_color":"","ocean_menu_social_hover_links_color":"","ocean_disable_title":"default","ocean_disable_heading":"default","ocean_post_title":"","ocean_post_subheading":"","ocean_post_title_style":"","ocean_post_title_background_color":"","ocean_post_title_background":0,"ocean_post_title_bg_image_position":"","ocean_post_title_bg_image_attachment":"","ocean_post_title_bg_image_repeat":"","ocean_post_title_bg_image_size":"","ocean_post_title_height":0,"ocean_post_title_bg_overlay":0.5,"ocean_post_title_bg_overlay_color":"","ocean_disable_breadcrumbs":"default","ocean_breadcrumbs_color":"","ocean_breadcrumbs_separator_color":"","ocean_breadcrumbs_links_color":"","ocean_breadcrumbs_links_hover_color":"","ocean_display_footer_widgets":"default","ocean_display_footer_bottom":"default","ocean_custom_footer_template":""},"product_brand":[],"product_cat":[123,69],"product_tag":[],"class_list":{"0":"post-2706","1":"product","2":"type-product","3":"status-publish","4":"has-post-thumbnail","6":"product_cat-parking","7":"product_cat-structures-metalliques","9":"entry","10":"has-media","12":"first","13":"instock","14":"downloadable","15":"taxable","16":"shipping-taxable","17":"purchasable","18":"product-type-simple","19":"add-to-wishlist-before_image","20":"has-product-nav","21":"col","22":"span_1_of_3","23":"owp-content-center","24":"owp-thumbs-layout-vertical","25":"owp-btn-normal","26":"owp-tabs-layout-horizontal"},"yoast_head":"<!-- This site is optimized with the Yoast SEO plugin v26.6 - https:\/\/yoast.com\/wordpress\/plugins\/seo\/ -->\n<title>Charpente parking 10x15m \u2013 12 v\u00e9hicules \u2013 Mod\u00e8le A<\/title>\n<meta name=\"description\" content=\"Note de calcul et plan de fabrication d\u2019une charpente m\u00e9tallique de parking 10x15m \u2013 12 v\u00e9hicules. Avec mod\u00e9lisation 3D et d\u00e9tails d\u2019assemblage PDF.\" \/>\n<meta name=\"robots\" content=\"index, follow, max-snippet:-1, max-image-preview:large, max-video-preview:-1\" \/>\n<link rel=\"canonical\" href=\"https:\/\/boutique.rabe3d.com\/index.php\/produit\/charpente-parking-10x15m-12-vehicules-modele-a\/\" \/>\n<meta property=\"og:locale\" content=\"fr_FR\" \/>\n<meta property=\"og:type\" content=\"article\" \/>\n<meta property=\"og:title\" content=\"Charpente parking 10x15m \u2013 12 v\u00e9hicules \u2013 Mod\u00e8le A\" \/>\n<meta property=\"og:description\" content=\"Note de calcul et plan de fabrication d\u2019une charpente m\u00e9tallique de parking 10x15m \u2013 12 v\u00e9hicules. Avec mod\u00e9lisation 3D et d\u00e9tails d\u2019assemblage PDF.\" \/>\n<meta property=\"og:url\" content=\"https:\/\/boutique.rabe3d.com\/index.php\/produit\/charpente-parking-10x15m-12-vehicules-modele-a\/\" \/>\n<meta property=\"og:site_name\" content=\"Boutique Dossiers PDF\" \/>\n<meta property=\"article:publisher\" content=\"https:\/\/web.facebook.com\/profile.php?id=61555242518659\" \/>\n<meta property=\"article:modified_time\" content=\"2025-09-26T12:29:53+00:00\" \/>\n<meta property=\"og:image\" content=\"https:\/\/boutique.rabe3d.com\/wp-content\/uploads\/2025\/06\/Construction-metallique-abri-voiture-scaled.jpg\" \/>\n\t<meta property=\"og:image:width\" content=\"2560\" \/>\n\t<meta property=\"og:image:height\" content=\"1227\" \/>\n\t<meta property=\"og:image:type\" content=\"image\/jpeg\" \/>\n<meta name=\"twitter:card\" content=\"summary_large_image\" \/>\n<meta name=\"twitter:label1\" content=\"Dur\u00e9e de lecture estim\u00e9e\" \/>\n\t<meta name=\"twitter:data1\" content=\"3 minutes\" \/>\n<script type=\"application\/ld+json\" class=\"yoast-schema-graph\">{\"@context\":\"https:\/\/schema.org\",\"@graph\":[{\"@type\":\"WebPage\",\"@id\":\"https:\/\/boutique.rabe3d.com\/index.php\/produit\/charpente-parking-10x15m-12-vehicules-modele-a\/\",\"url\":\"https:\/\/boutique.rabe3d.com\/index.php\/produit\/charpente-parking-10x15m-12-vehicules-modele-a\/\",\"name\":\"Charpente parking 10x15m \u2013 12 v\u00e9hicules \u2013 Mod\u00e8le A\",\"isPartOf\":{\"@id\":\"https:\/\/boutique.rabe3d.com\/#website\"},\"primaryImageOfPage\":{\"@id\":\"https:\/\/boutique.rabe3d.com\/index.php\/produit\/charpente-parking-10x15m-12-vehicules-modele-a\/#primaryimage\"},\"image\":{\"@id\":\"https:\/\/boutique.rabe3d.com\/index.php\/produit\/charpente-parking-10x15m-12-vehicules-modele-a\/#primaryimage\"},\"thumbnailUrl\":\"https:\/\/boutique.rabe3d.com\/wp-content\/uploads\/2025\/06\/Construction-metallique-abri-voiture-scaled.jpg\",\"datePublished\":\"2025-06-06T23:51:48+00:00\",\"dateModified\":\"2025-09-26T12:29:53+00:00\",\"description\":\"Note de calcul et plan de fabrication d\u2019une charpente m\u00e9tallique de parking 10x15m \u2013 12 v\u00e9hicules. Avec mod\u00e9lisation 3D et d\u00e9tails d\u2019assemblage PDF.\",\"breadcrumb\":{\"@id\":\"https:\/\/boutique.rabe3d.com\/index.php\/produit\/charpente-parking-10x15m-12-vehicules-modele-a\/#breadcrumb\"},\"inLanguage\":\"fr-FR\",\"potentialAction\":[{\"@type\":\"ReadAction\",\"target\":[\"https:\/\/boutique.rabe3d.com\/index.php\/produit\/charpente-parking-10x15m-12-vehicules-modele-a\/\"]}]},{\"@type\":\"ImageObject\",\"inLanguage\":\"fr-FR\",\"@id\":\"https:\/\/boutique.rabe3d.com\/index.php\/produit\/charpente-parking-10x15m-12-vehicules-modele-a\/#primaryimage\",\"url\":\"https:\/\/boutique.rabe3d.com\/wp-content\/uploads\/2025\/06\/Construction-metallique-abri-voiture-scaled.jpg\",\"contentUrl\":\"https:\/\/boutique.rabe3d.com\/wp-content\/uploads\/2025\/06\/Construction-metallique-abri-voiture-scaled.jpg\",\"width\":2560,\"height\":1227,\"caption\":\"Construction m\u00e9tallique : plans & calculs d\u2019une charpente de parking\"},{\"@type\":\"BreadcrumbList\",\"@id\":\"https:\/\/boutique.rabe3d.com\/index.php\/produit\/charpente-parking-10x15m-12-vehicules-modele-a\/#breadcrumb\",\"itemListElement\":[{\"@type\":\"ListItem\",\"position\":1,\"name\":\"Accueil\",\"item\":\"https:\/\/boutique.rabe3d.com\/\"},{\"@type\":\"ListItem\",\"position\":2,\"name\":\"Boutique\",\"item\":\"https:\/\/boutique.rabe3d.com\/index.php\/boutique-2\/\"},{\"@type\":\"ListItem\",\"position\":3,\"name\":\"Charpente parking 10x15m \u2013 12 v\u00e9hicules \u2013 Mod\u00e8le A\"}]},{\"@type\":\"WebSite\",\"@id\":\"https:\/\/boutique.rabe3d.com\/#website\",\"url\":\"https:\/\/boutique.rabe3d.com\/\",\"name\":\"Boutique\",\"description\":\"\u00c9tudes m\u00e9caniques cl\u00e9 en main \u2014 vos notes de calcul et dossiers fabrication en PDF.\",\"publisher\":{\"@id\":\"https:\/\/boutique.rabe3d.com\/#organization\"},\"potentialAction\":[{\"@type\":\"SearchAction\",\"target\":{\"@type\":\"EntryPoint\",\"urlTemplate\":\"https:\/\/boutique.rabe3d.com\/?s={search_term_string}\"},\"query-input\":{\"@type\":\"PropertyValueSpecification\",\"valueRequired\":true,\"valueName\":\"search_term_string\"}}],\"inLanguage\":\"fr-FR\"},{\"@type\":\"Organization\",\"@id\":\"https:\/\/boutique.rabe3d.com\/#organization\",\"name\":\"Boutique\",\"url\":\"https:\/\/boutique.rabe3d.com\/\",\"logo\":{\"@type\":\"ImageObject\",\"inLanguage\":\"fr-FR\",\"@id\":\"https:\/\/boutique.rabe3d.com\/#\/schema\/logo\/image\/\",\"url\":\"https:\/\/boutique.rabe3d.com\/wp-content\/uploads\/2024\/01\/cropped-Rabe-3D-Engineering-100-pixels-Boutique.png\",\"contentUrl\":\"https:\/\/boutique.rabe3d.com\/wp-content\/uploads\/2024\/01\/cropped-Rabe-3D-Engineering-100-pixels-Boutique.png\",\"width\":354,\"height\":79,\"caption\":\"Boutique\"},\"image\":{\"@id\":\"https:\/\/boutique.rabe3d.com\/#\/schema\/logo\/image\/\"},\"sameAs\":[\"https:\/\/web.facebook.com\/profile.php?id=61555242518659\"]}]}<\/script>\n<!-- \/ Yoast SEO plugin. -->","yoast_head_json":{"title":"Charpente parking 10x15m \u2013 12 v\u00e9hicules \u2013 Mod\u00e8le A","description":"Note de calcul et plan de fabrication d\u2019une charpente m\u00e9tallique de parking 10x15m \u2013 12 v\u00e9hicules. Avec mod\u00e9lisation 3D et d\u00e9tails d\u2019assemblage PDF.","robots":{"index":"index","follow":"follow","max-snippet":"max-snippet:-1","max-image-preview":"max-image-preview:large","max-video-preview":"max-video-preview:-1"},"canonical":"https:\/\/boutique.rabe3d.com\/index.php\/produit\/charpente-parking-10x15m-12-vehicules-modele-a\/","og_locale":"fr_FR","og_type":"article","og_title":"Charpente parking 10x15m \u2013 12 v\u00e9hicules \u2013 Mod\u00e8le A","og_description":"Note de calcul et plan de fabrication d\u2019une charpente m\u00e9tallique de parking 10x15m \u2013 12 v\u00e9hicules. Avec mod\u00e9lisation 3D et d\u00e9tails d\u2019assemblage PDF.","og_url":"https:\/\/boutique.rabe3d.com\/index.php\/produit\/charpente-parking-10x15m-12-vehicules-modele-a\/","og_site_name":"Boutique Dossiers PDF","article_publisher":"https:\/\/web.facebook.com\/profile.php?id=61555242518659","article_modified_time":"2025-09-26T12:29:53+00:00","og_image":[{"width":2560,"height":1227,"url":"https:\/\/boutique.rabe3d.com\/wp-content\/uploads\/2025\/06\/Construction-metallique-abri-voiture-scaled.jpg","type":"image\/jpeg"}],"twitter_card":"summary_large_image","twitter_misc":{"Dur\u00e9e de lecture estim\u00e9e":"3 minutes"},"schema":{"@context":"https:\/\/schema.org","@graph":[{"@type":"WebPage","@id":"https:\/\/boutique.rabe3d.com\/index.php\/produit\/charpente-parking-10x15m-12-vehicules-modele-a\/","url":"https:\/\/boutique.rabe3d.com\/index.php\/produit\/charpente-parking-10x15m-12-vehicules-modele-a\/","name":"Charpente parking 10x15m \u2013 12 v\u00e9hicules \u2013 Mod\u00e8le A","isPartOf":{"@id":"https:\/\/boutique.rabe3d.com\/#website"},"primaryImageOfPage":{"@id":"https:\/\/boutique.rabe3d.com\/index.php\/produit\/charpente-parking-10x15m-12-vehicules-modele-a\/#primaryimage"},"image":{"@id":"https:\/\/boutique.rabe3d.com\/index.php\/produit\/charpente-parking-10x15m-12-vehicules-modele-a\/#primaryimage"},"thumbnailUrl":"https:\/\/boutique.rabe3d.com\/wp-content\/uploads\/2025\/06\/Construction-metallique-abri-voiture-scaled.jpg","datePublished":"2025-06-06T23:51:48+00:00","dateModified":"2025-09-26T12:29:53+00:00","description":"Note de calcul et plan de fabrication d\u2019une charpente m\u00e9tallique de parking 10x15m \u2013 12 v\u00e9hicules. Avec mod\u00e9lisation 3D et d\u00e9tails d\u2019assemblage PDF.","breadcrumb":{"@id":"https:\/\/boutique.rabe3d.com\/index.php\/produit\/charpente-parking-10x15m-12-vehicules-modele-a\/#breadcrumb"},"inLanguage":"fr-FR","potentialAction":[{"@type":"ReadAction","target":["https:\/\/boutique.rabe3d.com\/index.php\/produit\/charpente-parking-10x15m-12-vehicules-modele-a\/"]}]},{"@type":"ImageObject","inLanguage":"fr-FR","@id":"https:\/\/boutique.rabe3d.com\/index.php\/produit\/charpente-parking-10x15m-12-vehicules-modele-a\/#primaryimage","url":"https:\/\/boutique.rabe3d.com\/wp-content\/uploads\/2025\/06\/Construction-metallique-abri-voiture-scaled.jpg","contentUrl":"https:\/\/boutique.rabe3d.com\/wp-content\/uploads\/2025\/06\/Construction-metallique-abri-voiture-scaled.jpg","width":2560,"height":1227,"caption":"Construction m\u00e9tallique : plans & calculs d\u2019une charpente de parking"},{"@type":"BreadcrumbList","@id":"https:\/\/boutique.rabe3d.com\/index.php\/produit\/charpente-parking-10x15m-12-vehicules-modele-a\/#breadcrumb","itemListElement":[{"@type":"ListItem","position":1,"name":"Accueil","item":"https:\/\/boutique.rabe3d.com\/"},{"@type":"ListItem","position":2,"name":"Boutique","item":"https:\/\/boutique.rabe3d.com\/index.php\/boutique-2\/"},{"@type":"ListItem","position":3,"name":"Charpente parking 10x15m \u2013 12 v\u00e9hicules \u2013 Mod\u00e8le A"}]},{"@type":"WebSite","@id":"https:\/\/boutique.rabe3d.com\/#website","url":"https:\/\/boutique.rabe3d.com\/","name":"Boutique","description":"\u00c9tudes m\u00e9caniques cl\u00e9 en main \u2014 vos notes de calcul et dossiers fabrication en PDF.","publisher":{"@id":"https:\/\/boutique.rabe3d.com\/#organization"},"potentialAction":[{"@type":"SearchAction","target":{"@type":"EntryPoint","urlTemplate":"https:\/\/boutique.rabe3d.com\/?s={search_term_string}"},"query-input":{"@type":"PropertyValueSpecification","valueRequired":true,"valueName":"search_term_string"}}],"inLanguage":"fr-FR"},{"@type":"Organization","@id":"https:\/\/boutique.rabe3d.com\/#organization","name":"Boutique","url":"https:\/\/boutique.rabe3d.com\/","logo":{"@type":"ImageObject","inLanguage":"fr-FR","@id":"https:\/\/boutique.rabe3d.com\/#\/schema\/logo\/image\/","url":"https:\/\/boutique.rabe3d.com\/wp-content\/uploads\/2024\/01\/cropped-Rabe-3D-Engineering-100-pixels-Boutique.png","contentUrl":"https:\/\/boutique.rabe3d.com\/wp-content\/uploads\/2024\/01\/cropped-Rabe-3D-Engineering-100-pixels-Boutique.png","width":354,"height":79,"caption":"Boutique"},"image":{"@id":"https:\/\/boutique.rabe3d.com\/#\/schema\/logo\/image\/"},"sameAs":["https:\/\/web.facebook.com\/profile.php?id=61555242518659"]}]}},"_links":{"self":[{"href":"https:\/\/boutique.rabe3d.com\/index.php\/wp-json\/wp\/v2\/product\/2706","targetHints":{"allow":["GET"]}}],"collection":[{"href":"https:\/\/boutique.rabe3d.com\/index.php\/wp-json\/wp\/v2\/product"}],"about":[{"href":"https:\/\/boutique.rabe3d.com\/index.php\/wp-json\/wp\/v2\/types\/product"}],"replies":[{"embeddable":true,"href":"https:\/\/boutique.rabe3d.com\/index.php\/wp-json\/wp\/v2\/comments?post=2706"}],"wp:featuredmedia":[{"embeddable":true,"href":"https:\/\/boutique.rabe3d.com\/index.php\/wp-json\/wp\/v2\/media\/2812"}],"wp:attachment":[{"href":"https:\/\/boutique.rabe3d.com\/index.php\/wp-json\/wp\/v2\/media?parent=2706"}],"wp:term":[{"taxonomy":"product_brand","embeddable":true,"href":"https:\/\/boutique.rabe3d.com\/index.php\/wp-json\/wp\/v2\/product_brand?post=2706"},{"taxonomy":"product_cat","embeddable":true,"href":"https:\/\/boutique.rabe3d.com\/index.php\/wp-json\/wp\/v2\/product_cat?post=2706"},{"taxonomy":"product_tag","embeddable":true,"href":"https:\/\/boutique.rabe3d.com\/index.php\/wp-json\/wp\/v2\/product_tag?post=2706"}],"curies":[{"name":"wp","href":"https:\/\/api.w.org\/{rel}","templated":true}]}}